{"id":15648,"date":"2021-11-08T17:09:39","date_gmt":"2021-11-08T16:09:39","guid":{"rendered":"https:\/\/odimet.eu\/ich-lasse-meine-staatsbuergerschaft-entdecken\/"},"modified":"2022-11-25T11:44:42","modified_gmt":"2022-11-25T10:44:42","slug":"ich-lasse-meine-staatsbuergerschaft-entdecken","status":"publish","type":"page","link":"https:\/\/odimet.eu\/de\/ich-lasse-meine-staatsbuergerschaft-entdecken\/","title":{"rendered":"Entdecken Sie meine digitale Staatsb\u00fcrgerschaft"},"content":{"rendered":"\n<p>Im zweiten Jahr des Projekts werden wir uns auf die digitale Staatsb\u00fcrgerschaft in einem mehrsprachigen und interkulturellen Kontext konzentrieren.  <\/p>\n\n<p>Wir schlagen Ihnen vor, drei Aktivit\u00e4ten rund um diesen Begriff der &#8220;digitalen Staatsb\u00fcrgerschaft&#8221; durchzuf\u00fchren.  <\/p>\n\n<p>Diese drei Aktivit\u00e4ten sind nicht verpflichtend, sondern sollen als Vorschl\u00e4ge f\u00fcr Workshops dienen, die Sie mit Ihrer Klasse durchf\u00fchren k\u00f6nnen. Es liegt an Ihnen, zu entscheiden, welche Sie in der vorgegebenen Zeit bearbeiten k\u00f6nnen.  <\/p>\n\n<p>Gute Entdeckung!<\/p>\n","protected":false},"excerpt":{"rendered":"<p>Im zweiten Jahr des Projekts werden wir uns auf die digitale Staatsb\u00fcrgerschaft in einem mehrsprachigen und interkulturellen Kontext konzentrieren. Wir schlagen Ihnen vor, drei Aktivit\u00e4ten rund um diesen Begriff der &#8220;digitalen Staatsb\u00fcrgerschaft&#8221; durchzuf\u00fchren. Diese drei Aktivit\u00e4ten sind nicht verpflichtend, sondern &hellip; <a class=\"kt-excerpt-readmore\" href=\"https:\/\/odimet.eu\/de\/ich-lasse-meine-staatsbuergerschaft-entdecken\/\" aria-label=\"Entdecken Sie meine digitale Staatsb\u00fcrgerschaft\">Weiterlesen<\/a><\/p>\n","protected":false},"author":5081,"featured_media":0,"parent":0,"menu_order":0,"comment_status":"closed","ping_status":"closed","template":"","meta":{"kt_blocks_editor_width":"","footnotes":""},"class_list":["post-15648","page","type-page","status-publish","hentry"],"_links":{"self":[{"href":"https:\/\/odimet.eu\/de\/wp-json\/wp\/v2\/pages\/15648","targetHints":{"allow":["GET"]}}],"collection":[{"href":"https:\/\/odimet.eu\/de\/wp-json\/wp\/v2\/pages"}],"about":[{"href":"https:\/\/odimet.eu\/de\/wp-json\/wp\/v2\/types\/page"}],"author":[{"embeddable":true,"href":"https:\/\/odimet.eu\/de\/wp-json\/wp\/v2\/users\/5081"}],"replies":[{"embeddable":true,"href":"https:\/\/odimet.eu\/de\/wp-json\/wp\/v2\/comments?post=15648"}],"version-history":[{"count":2,"href":"https:\/\/odimet.eu\/de\/wp-json\/wp\/v2\/pages\/15648\/revisions"}],"predecessor-version":[{"id":16871,"href":"https:\/\/odimet.eu\/de\/wp-json\/wp\/v2\/pages\/15648\/revisions\/16871"}],"wp:attachment":[{"href":"https:\/\/odimet.eu\/de\/wp-json\/wp\/v2\/media?parent=15648"}],"curies":[{"name":"wp","href":"https:\/\/api.w.org\/{rel}","templated":true}]}}