{"id":15649,"date":"2021-11-08T17:09:40","date_gmt":"2021-11-08T16:09:40","guid":{"rendered":"https:\/\/odimet.eu\/ich-teile-meine-kultur\/"},"modified":"2022-10-07T16:17:00","modified_gmt":"2022-10-07T14:17:00","slug":"ich-teile-meine-kultur","status":"publish","type":"page","link":"https:\/\/odimet.eu\/de\/ich-teile-meine-kultur\/","title":{"rendered":"Entdecken Sie meine Kultur"},"content":{"rendered":"\n<p>Das Ziel dieses Projekts ist es, Ihnen zu erm\u00f6glichen, eine digitale Korrespondenz zu beginnen und so den Sch\u00fclern, mit denen Sie sich austauschen werden, Ihre Kultur und Ihre Sprache durch die Produktion von Videos zu entdecken, die durch das Tool &#8221; <strong>Clap!&#8221;<\/strong> und erleichtert werden am Konzept der digitalen B\u00fcrgerschaft zu arbeiten.<\/p>\n\n<p>Um sich mit uns auf dieses Abenteuer einzulassen, schlagen wir vor, dass Sie auf dieser Registerkarte zun\u00e4chst mehrere Aktivit\u00e4ten entdecken, die Sie mit Ihren Sch\u00fclern rund um die <strong>Interkulturalit\u00e4t<\/strong> durchf\u00fchren k\u00f6nnen. <\/p>\n","protected":false},"excerpt":{"rendered":"<p>Das Ziel dieses Projekts ist es, Ihnen zu erm\u00f6glichen, eine digitale Korrespondenz zu beginnen und so den Sch\u00fclern, mit denen Sie sich austauschen werden, Ihre Kultur und Ihre Sprache durch die Produktion von Videos zu entdecken, die durch das Tool &hellip; <a class=\"kt-excerpt-readmore\" href=\"https:\/\/odimet.eu\/de\/ich-teile-meine-kultur\/\" aria-label=\"Entdecken Sie meine Kultur\">Weiterlesen<\/a><\/p>\n","protected":false},"author":5081,"featured_media":0,"parent":0,"menu_order":0,"comment_status":"closed","ping_status":"open","template":"","meta":{"kt_blocks_editor_width":"","footnotes":""},"class_list":["post-15649","page","type-page","status-publish","hentry"],"_links":{"self":[{"href":"https:\/\/odimet.eu\/de\/wp-json\/wp\/v2\/pages\/15649","targetHints":{"allow":["GET"]}}],"collection":[{"href":"https:\/\/odimet.eu\/de\/wp-json\/wp\/v2\/pages"}],"about":[{"href":"https:\/\/odimet.eu\/de\/wp-json\/wp\/v2\/types\/page"}],"author":[{"embeddable":true,"href":"https:\/\/odimet.eu\/de\/wp-json\/wp\/v2\/users\/5081"}],"replies":[{"embeddable":true,"href":"https:\/\/odimet.eu\/de\/wp-json\/wp\/v2\/comments?post=15649"}],"version-history":[{"count":14,"href":"https:\/\/odimet.eu\/de\/wp-json\/wp\/v2\/pages\/15649\/revisions"}],"predecessor-version":[{"id":16337,"href":"https:\/\/odimet.eu\/de\/wp-json\/wp\/v2\/pages\/15649\/revisions\/16337"}],"wp:attachment":[{"href":"https:\/\/odimet.eu\/de\/wp-json\/wp\/v2\/media?parent=15649"}],"curies":[{"name":"wp","href":"https:\/\/api.w.org\/{rel}","templated":true}]}}