{"id":15651,"date":"2021-11-08T17:09:40","date_gmt":"2021-11-08T16:09:40","guid":{"rendered":"https:\/\/odimet.eu\/ich-zeige-meine-sprache\/"},"modified":"2022-11-09T11:04:48","modified_gmt":"2022-11-09T10:04:48","slug":"ich-zeige-meine-sprache","status":"publish","type":"page","link":"https:\/\/odimet.eu\/de\/ich-zeige-meine-sprache\/","title":{"rendered":"Entdecken Sie meine Sprache"},"content":{"rendered":"\n<p>Auf dieser Registerkarte bieten wir Ihnen verschiedene Aktivit\u00e4ten an, die Sie in Ihrer Klasse rund um das Sprachverst\u00e4ndnis durch Wortanalyse, Assoziationsspiele und Interverst\u00e4ndnis einrichten k\u00f6nnen. <\/p>\n\n<p>Wir hoffen, dass Ihnen diese Aktivit\u00e4ten gefallen und dass sie Sie f\u00fcr neue Sprachen \u00f6ffnen werden! <\/p>\n\n<p>Mehr zum Thema Mehrsprachigkeit erfahren Sie in Claudia Mewalds Artikel, der im Rahmen dieses ODIMET-Projekts verfasst wurde :  <\/p>\n<div class=\"row\"><\/div> <div class=\"col-md-6  \">\n<h3> Multiligualism &amp; Intercomprehension  <\/h3>\n<aside\n\tclass=\"download-box\">\n\n\t<img loading=\"lazy\" decoding=\"async\" width=\"2560\" height=\"1707\" src=\"https:\/\/odimet.eu\/wp-content\/uploads\/2022\/10\/jeremy-bezanger-CEFVJ7zqoLs-unsplash-scaled.jpg\" class=\"attachment-full size-full wp-post-image\" alt=\"\">\n\t<div\n\t\tclass=\"download-count\">1356 downloads<\/div>\n\n\t<div\n\t\tclass=\"download-box-content\">\n\n\t\t<h1>Article. AT<\/h1>\n\n\t\t\t\t\t\t<a  data-e-Disable-Page-Transition=\"true\" class=\"download-link download-button\" title=\"\" href=\"https:\/\/odimet.eu\/de\/download\/16599\/?tmstv=1776444483\" rel=\"nofollow\" id=\"download-link-16599\" data-redirect=\"false\" >\n\t\t\tDownload File\t\t\t<small>Article-_-Multilingual-people-are-competent-in-intercomprehension-.docx.pdf\t\t\t\t&ndash; 158.48 KB<\/small>\n\t\t<\/a>\n\t\t\t<\/div>\n<\/aside>\n\n\n<\/div><div class=\"col-md-6  \">\n<div class=\"row\"><\/div> <div class=\"col-md-6  \"><\/div>\n<h3> Multilinguisme &amp; Intercompr\u00e9hension  <\/h3>\n<aside\n\tclass=\"download-box\">\n\n\t<img loading=\"lazy\" decoding=\"async\" width=\"2560\" height=\"1707\" src=\"https:\/\/odimet.eu\/wp-content\/uploads\/2022\/10\/jeremy-bezanger-CEFVJ7zqoLs-unsplash-scaled.jpg\" class=\"attachment-full size-full wp-post-image\" alt=\"\">\n\t<div\n\t\tclass=\"download-count\">1084 downloads<\/div>\n\n\t<div\n\t\tclass=\"download-box-content\">\n\n\t\t<h1>Article. FR<\/h1>\n\n\t\t\t\t\t\t<a  data-e-Disable-Page-Transition=\"true\" class=\"download-link download-button\" title=\"\" href=\"https:\/\/odimet.eu\/de\/download\/16740\/?tmstv=1776444483\" rel=\"nofollow\" id=\"download-link-16740\" data-redirect=\"false\" >\n\t\t\tDownload File\t\t\t<small>Article-_-Les-personnes-multilingues-sont-competentes-en-matiere-dintercomprehension.FR_.docx.pdf\t\t\t\t&ndash; 176.96 KB<\/small>\n\t\t<\/a>\n\t\t\t<\/div>\n<\/aside>\n\n\n<\/div><div class=\"col-md-6  \"><\/div>\n\n<p>\u00a9Mewald<\/p>\n","protected":false},"excerpt":{"rendered":"<p>Auf dieser Registerkarte bieten wir Ihnen verschiedene Aktivit\u00e4ten an, die Sie in Ihrer Klasse rund um das Sprachverst\u00e4ndnis durch Wortanalyse, Assoziationsspiele und Interverst\u00e4ndnis einrichten k\u00f6nnen. Wir hoffen, dass Ihnen diese Aktivit\u00e4ten gefallen und dass sie Sie f\u00fcr neue Sprachen \u00f6ffnen &hellip; <a class=\"kt-excerpt-readmore\" href=\"https:\/\/odimet.eu\/de\/ich-zeige-meine-sprache\/\" aria-label=\"Entdecken Sie meine Sprache\">Weiterlesen<\/a><\/p>\n","protected":false},"author":5081,"featured_media":0,"parent":0,"menu_order":0,"comment_status":"closed","ping_status":"closed","template":"","meta":{"kt_blocks_editor_width":"","footnotes":""},"class_list":["post-15651","page","type-page","status-publish","hentry"],"_links":{"self":[{"href":"https:\/\/odimet.eu\/de\/wp-json\/wp\/v2\/pages\/15651","targetHints":{"allow":["GET"]}}],"collection":[{"href":"https:\/\/odimet.eu\/de\/wp-json\/wp\/v2\/pages"}],"about":[{"href":"https:\/\/odimet.eu\/de\/wp-json\/wp\/v2\/types\/page"}],"author":[{"embeddable":true,"href":"https:\/\/odimet.eu\/de\/wp-json\/wp\/v2\/users\/5081"}],"replies":[{"embeddable":true,"href":"https:\/\/odimet.eu\/de\/wp-json\/wp\/v2\/comments?post=15651"}],"version-history":[{"count":10,"href":"https:\/\/odimet.eu\/de\/wp-json\/wp\/v2\/pages\/15651\/revisions"}],"predecessor-version":[{"id":16752,"href":"https:\/\/odimet.eu\/de\/wp-json\/wp\/v2\/pages\/15651\/revisions\/16752"}],"wp:attachment":[{"href":"https:\/\/odimet.eu\/de\/wp-json\/wp\/v2\/media?parent=15651"}],"curies":[{"name":"wp","href":"https:\/\/api.w.org\/{rel}","templated":true}]}}