{"id":16255,"date":"2022-04-08T16:47:29","date_gmt":"2022-04-08T14:47:29","guid":{"rendered":"https:\/\/odimet.eu\/verbreitungsveranstaltungen\/"},"modified":"2023-02-27T12:07:42","modified_gmt":"2023-02-27T11:07:42","slug":"verbreitungsveranstaltungen","status":"publish","type":"page","link":"https:\/\/odimet.eu\/de\/verbreitungsveranstaltungen\/","title":{"rendered":"Verbreitungsveranstaltungen"},"content":{"rendered":"\n<h2 class=\"wp-block-heading\">2021-2022<\/h2>\n\n<p>Um die Produktionen, die im ersten Jahr dieses Projekts entstanden sind, m\u00f6glichst vielen Menschen zug\u00e4nglich zu machen, sammelten wir<strong>  Lehrer f\u00fcr digitale Ressourcen und Usancen in Besan\u00e7on (eRUN)<\/strong>Die Sch\u00fclerinnen und Sch\u00fcler sollen in der Lage sein, sich in der Schule zurechtzufinden.  <strong>weiterbildung<\/strong>  der<strong>Akademie von Besan\u00e7on<\/strong>  (schlie\u00dft sich an die Grundausbildung an, f\u00fcr Neulehrer), aber auch Sch\u00fcler, die auf dem Weg zum  <strong>Sonderp\u00e4dagogen<\/strong>  der EFPP (\u00c9cole de Formation de Pyscho P\u00e9dagogique), um ihnen die bislang entwickelten Instrumente vorzustellen.  <\/p>\n\n<figure class=\"wp-block-image size-full\"><img loading=\"lazy\" decoding=\"async\" width=\"154\" height=\"88\" src=\"https:\/\/odimet.eu\/wp-content\/uploads\/2023\/02\/logo-efpp.png\" alt=\"\" class=\"wp-image-17746\"\/><\/figure>\n\n<figure class=\"wp-block-image size-full\"><img loading=\"lazy\" decoding=\"async\" width=\"294\" height=\"81\" src=\"https:\/\/odimet.eu\/wp-content\/uploads\/2023\/02\/Besancon.png\" alt=\"\" class=\"wp-image-17749\"\/><\/figure>\n\n<p>Dann entdeckten sie die beiden in diesem ersten Jahr entwickelten intellektuellen Produktionen: eine Toolbox, die es ihnen erm\u00f6glichte, ein digitales Korrespondenzprogramm zu starten, das insbesondere aus dem audiovisuellen Schreibhilfsmittel &#8220;Clap!&#8221; sondern auch die ersten Aktivit\u00e4ten rund um Interkulturalit\u00e4t.<\/p>\n\n<p>Dieses Projekt wurde ihnen in mehreren Formen vorgestellt: per Videokonferenz, aber auch pers\u00f6nlich in Form einer gefilmten Konferenz, um es ausl\u00e4ndischen Teilnehmern zug\u00e4nglich zu machen.<\/p>\n\n<p>Hier ist die Intervention f\u00fcr Lehrer in der <strong>Weiterbildung der Akademie von Besan\u00e7on,<\/strong> die daher diese ersten beiden intellektuellen Produktionen pr\u00e4sentiert: <\/p>\n\n<figure class=\"wp-block-embed is-type-video is-provider-youtube wp-block-embed-youtube wp-embed-aspect-16-9 wp-has-aspect-ratio\"><div class=\"wp-block-embed__wrapper\">\n<iframe loading=\"lazy\" title=\"2022 - \u00c9v\u00e8nement de diss\u00e9mination - ODIMET - IO1 &amp; IO3\" width=\"1140\" height=\"641\" src=\"https:\/\/www.youtube.com\/embed\/mD0YoRdJNXU?feature=oembed\" frameborder=\"0\" allow=\"accelerometer; autoplay; clipboard-write; encrypted-media; gyroscope; picture-in-picture\" allowfullscreen><\/iframe>\n<\/div><\/figure>\n\n<figure class=\"wp-block-image size-large\"><img loading=\"lazy\" decoding=\"async\" width=\"1024\" height=\"768\" src=\"https:\/\/odimet.eu\/wp-content\/uploads\/2023\/02\/20230125_113640-1024x768.jpg\" alt=\"\" class=\"wp-image-17774\" srcset=\"https:\/\/odimet.eu\/wp-content\/uploads\/2023\/02\/20230125_113640-1024x768.jpg 1024w, https:\/\/odimet.eu\/wp-content\/uploads\/2023\/02\/20230125_113640-300x225.jpg 300w, https:\/\/odimet.eu\/wp-content\/uploads\/2023\/02\/20230125_113640-768x576.jpg 768w, https:\/\/odimet.eu\/wp-content\/uploads\/2023\/02\/20230125_113640-1536x1152.jpg 1536w, https:\/\/odimet.eu\/wp-content\/uploads\/2023\/02\/20230125_113640-2048x1536.jpg 2048w, https:\/\/odimet.eu\/wp-content\/uploads\/2023\/02\/20230125_113640-320x240.jpg 320w, https:\/\/odimet.eu\/wp-content\/uploads\/2023\/02\/20230125_113640-800x600.jpg 800w\" sizes=\"auto, (max-width: 1024px) 100vw, 1024px\" \/><figcaption class=\"wp-element-caption\">Intervention bei angehenden Sonderp\u00e4dagogen\/-innen (\u00c9ducateurs.rices sp\u00e9cialis\u00e9s.es)<\/figcaption><\/figure>\n\n<p>Hier ist auch das aufgezeichnete Training f\u00fcr <strong>eRUN:<\/strong><\/p>\n\n<p><\/p>\n\n<figure class=\"wp-block-embed is-type-video is-provider-youtube wp-block-embed-youtube wp-embed-aspect-16-9 wp-has-aspect-ratio\"><div class=\"wp-block-embed__wrapper\">\n<iframe loading=\"lazy\" title=\"\u00c9v\u00e8nement de diss\u00e9mination ERUN\" width=\"1140\" height=\"641\" src=\"https:\/\/www.youtube.com\/embed\/n8oFD48nUgM?feature=oembed\" frameborder=\"0\" allow=\"accelerometer; autoplay; clipboard-write; encrypted-media; gyroscope; picture-in-picture\" allowfullscreen><\/iframe>\n<\/div><\/figure>\n\n<h2 class=\"wp-block-heading\">2022-2023<\/h2>\n\n<p>Um das zweij\u00e4hrige ODIMET-Projekt abzuschlie\u00dfen, organisierten wir eine globale Verbreitungsveranstaltung in \u00d6sterreich an der PH N\u00d6 am<strong>  2. Februar 2023<\/strong>  indem sie die franz\u00f6sischen, belgischen und \u00f6sterreichischen Lehrkr\u00e4fte, die in den beiden Jahren am Austausch teilgenommen haben, dazu einladen, damit sie anderen Lehrerinnen, die sich f\u00fcr das Projekt interessieren, von ihren Erfahrungen berichten k\u00f6nnen.<\/p>\n\n<figure class=\"wp-block-image size-large\"><img loading=\"lazy\" decoding=\"async\" width=\"1024\" height=\"768\" src=\"https:\/\/odimet.eu\/wp-content\/uploads\/2023\/02\/20230202_150432-1024x768.jpg\" alt=\"\" class=\"wp-image-17771\" srcset=\"https:\/\/odimet.eu\/wp-content\/uploads\/2023\/02\/20230202_150432-1024x768.jpg 1024w, https:\/\/odimet.eu\/wp-content\/uploads\/2023\/02\/20230202_150432-300x225.jpg 300w, https:\/\/odimet.eu\/wp-content\/uploads\/2023\/02\/20230202_150432-768x576.jpg 768w, https:\/\/odimet.eu\/wp-content\/uploads\/2023\/02\/20230202_150432-1536x1152.jpg 1536w, https:\/\/odimet.eu\/wp-content\/uploads\/2023\/02\/20230202_150432-2048x1536.jpg 2048w, https:\/\/odimet.eu\/wp-content\/uploads\/2023\/02\/20230202_150432-320x240.jpg 320w, https:\/\/odimet.eu\/wp-content\/uploads\/2023\/02\/20230202_150432-800x600.jpg 800w\" sizes=\"auto, (max-width: 1024px) 100vw, 1024px\" \/><figcaption class=\"wp-element-caption\">Er\u00f6ffnungsrede der Veranstaltung von Edda Polz (Vizerektorin f\u00fcr Forschung und Universit\u00e4tsentwicklung)<\/figcaption><\/figure>\n\n<p>Bitte finden Sie unten die Videotranskription dieser Veranstaltung :<\/p>\n\n<figure class=\"wp-block-embed is-type-video is-provider-youtube wp-block-embed-youtube wp-embed-aspect-4-3 wp-has-aspect-ratio\"><div class=\"wp-block-embed__wrapper\">\n<iframe loading=\"lazy\" title=\"Dissemination event - ODIMET - february 2022\" width=\"1140\" height=\"855\" src=\"https:\/\/www.youtube.com\/embed\/JpsEH-etl5g?feature=oembed\" frameborder=\"0\" allow=\"accelerometer; autoplay; clipboard-write; encrypted-media; gyroscope; picture-in-picture; web-share\" allowfullscreen><\/iframe>\n<\/div><\/figure>\n\n<p>Im Folgenden k\u00f6nnen Sie die Ressourcen herunterladen, die an diesem Tag vorgestellt wurden, vor allem jene, die sich mit dem Thema Mehrsprachigkeit besch\u00e4ftigen.  <\/p>\n\n<p>Weitere Ressourcen rund um die Themen digitale B\u00fcrgerschaft und Interkulturalit\u00e4t finden Sie auf den entsprechenden Registerkarten unter &#8220;Produzierte Ressourcen&#8221; und dann &#8220;Downloads&#8221;.<\/p>\n\n<div class=\"row\"><\/div>\n<div class=\"col-md-6  \">\n<h3>Multilingual activities-AU<\/h3>\n<aside\n\tclass=\"download-box\">\n\n\t<img loading=\"lazy\" decoding=\"async\" width=\"900\" height=\"1600\" src=\"https:\/\/odimet.eu\/wp-content\/uploads\/rtMedia\/users\/5670\/2023\/01\/Foto-3.jpg\" class=\"attachment-full size-full wp-post-image\" alt=\"\">\n\t<div\n\t\tclass=\"download-count\">924 downloads<\/div>\n\n\t<div\n\t\tclass=\"download-box-content\">\n\n\t\t<h1>Multilingual-activities-German<\/h1>\n\n\t\t\t\t\t\t<a  data-e-Disable-Page-Transition=\"true\" class=\"download-link download-button\" title=\"\" href=\"https:\/\/odimet.eu\/de\/download\/17786\/?tmstv=1776239494\" rel=\"nofollow\" id=\"download-link-17786\" data-redirect=\"false\" >\n\t\t\tDownload File\t\t\t<small>Multilingual-activites-German.pdf\t\t\t\t&ndash; 20.84 MB<\/small>\n\t\t<\/a>\n\t\t\t<\/div>\n<\/aside>\n\n\n<\/div>\n\n<div class=\"row\"><\/div>\n\n<div class=\"row\"><\/div>\n<div class=\"col-md-6  \">\n<h3>Multilingual activities-EN<\/h3>\n<aside\n\tclass=\"download-box\">\n\n\t<img loading=\"lazy\" decoding=\"async\" width=\"2048\" height=\"1369\" src=\"https:\/\/odimet.eu\/wp-content\/uploads\/2023\/01\/tim-gouw-KigTvXqetXA-unsplash.jpg\" class=\"attachment-full size-full wp-post-image\" alt=\"\">\n\t<div\n\t\tclass=\"download-count\">1491 downloads<\/div>\n\n\t<div\n\t\tclass=\"download-box-content\">\n\n\t\t<h1>Multilingual-activities-EN<\/h1>\n\n\t\t\t\t\t\t<a  data-e-Disable-Page-Transition=\"true\" class=\"download-link download-button\" title=\"\" href=\"https:\/\/odimet.eu\/de\/download\/17690\/?tmstv=1776239494\" rel=\"nofollow\" id=\"download-link-17690\" data-redirect=\"false\" >\n\t\t\tDownload File\t\t\t<small>Multilingual-activities-EN.pdf\t\t\t\t&ndash; 1.42 MB<\/small>\n\t\t<\/a>\n\t\t\t<\/div>\n<\/aside>\n\n\n<\/div>\n\n<div class=\"row\"><\/div>\n\n<div class=\"row\"><\/div>\n<div class=\"col-md-6  \">\n<h3>Multilingual activities-FR<\/h3>\n<aside\n\tclass=\"download-box\">\n\n\t<img loading=\"lazy\" decoding=\"async\" width=\"2048\" height=\"1369\" src=\"https:\/\/odimet.eu\/wp-content\/uploads\/2023\/01\/tim-gouw-KigTvXqetXA-unsplash.jpg\" class=\"attachment-full size-full wp-post-image\" alt=\"\">\n\t<div\n\t\tclass=\"download-count\">1214 downloads<\/div>\n\n\t<div\n\t\tclass=\"download-box-content\">\n\n\t\t<h1>Activites-multilingues-FR<\/h1>\n\n\t\t\t\t\t\t<a  data-e-Disable-Page-Transition=\"true\" class=\"download-link download-button\" title=\"\" href=\"https:\/\/odimet.eu\/de\/download\/17685\/?tmstv=1776239494\" rel=\"nofollow\" id=\"download-link-17685\" data-redirect=\"false\" >\n\t\t\tDownload File\t\t\t<small>Activites-multilingues-FR.pdf\t\t\t\t&ndash; 935.18 KB<\/small>\n\t\t<\/a>\n\t\t\t<\/div>\n<\/aside>\n\n\n<\/div>\n\n<div class=\"row\"><\/div>\n\n<p>Die \u00dcbersetzung der ODIMET Website in die deutsche Sprache ist automatisch und befolgt deshalb nicht immer die erw\u00fcnschten Genderregeln oder die Regeln der Rechtschreibung. Ebenso kann die automisch generierte Wortwahl sonderbar klingen. Wir entschuldigen uns f\u00fcr diese Unstimmigkeiten in der \u00dcbersetzung, die daher auftreten k\u00f6nnen.  <\/p>\n","protected":false},"excerpt":{"rendered":"<p>2021-2022 Um die Produktionen, die im ersten Jahr dieses Projekts entstanden sind, m\u00f6glichst vielen Menschen zug\u00e4nglich zu machen, sammelten wir Lehrer f\u00fcr digitale Ressourcen und Usancen in Besan\u00e7on (eRUN)Die Sch\u00fclerinnen und Sch\u00fcler sollen in der Lage sein, sich in der &hellip; <a class=\"kt-excerpt-readmore\" href=\"https:\/\/odimet.eu\/de\/verbreitungsveranstaltungen\/\" aria-label=\"Verbreitungsveranstaltungen\">Weiterlesen<\/a><\/p>\n","protected":false},"author":5081,"featured_media":16321,"parent":0,"menu_order":0,"comment_status":"closed","ping_status":"closed","template":"","meta":{"kt_blocks_editor_width":"","footnotes":""},"class_list":["post-16255","page","type-page","status-publish","has-post-thumbnail","hentry"],"_links":{"self":[{"href":"https:\/\/odimet.eu\/de\/wp-json\/wp\/v2\/pages\/16255","targetHints":{"allow":["GET"]}}],"collection":[{"href":"https:\/\/odimet.eu\/de\/wp-json\/wp\/v2\/pages"}],"about":[{"href":"https:\/\/odimet.eu\/de\/wp-json\/wp\/v2\/types\/page"}],"author":[{"embeddable":true,"href":"https:\/\/odimet.eu\/de\/wp-json\/wp\/v2\/users\/5081"}],"replies":[{"embeddable":true,"href":"https:\/\/odimet.eu\/de\/wp-json\/wp\/v2\/comments?post=16255"}],"version-history":[{"count":9,"href":"https:\/\/odimet.eu\/de\/wp-json\/wp\/v2\/pages\/16255\/revisions"}],"predecessor-version":[{"id":17990,"href":"https:\/\/odimet.eu\/de\/wp-json\/wp\/v2\/pages\/16255\/revisions\/17990"}],"wp:featuredmedia":[{"embeddable":true,"href":"https:\/\/odimet.eu\/de\/wp-json\/wp\/v2\/media\/16321"}],"wp:attachment":[{"href":"https:\/\/odimet.eu\/de\/wp-json\/wp\/v2\/media?parent=16255"}],"curies":[{"name":"wp","href":"https:\/\/api.w.org\/{rel}","templated":true}]}}