{"id":16259,"date":"2022-04-08T16:48:04","date_gmt":"2022-04-08T14:48:04","guid":{"rendered":"https:\/\/odimet.eu\/ressourcen-produziert\/"},"modified":"2022-06-17T10:03:29","modified_gmt":"2022-06-17T08:03:29","slug":"ressourcen-produziert","status":"publish","type":"page","link":"https:\/\/odimet.eu\/de\/ressourcen-produziert\/","title":{"rendered":"Ressourcen produziert"},"content":{"rendered":"\n<p>Als Teil dieses ODIMET-Projekts wurden 3 Themen durch Aktivit\u00e4ten untersucht, die im Unterricht umgesetzt werden sollen, detailliert in methodischen und p\u00e4dagogischen Leitf\u00e4den, die von den drei europ\u00e4ischen Partnern erstellt wurden.<\/p>\n\n<p>Diese 3 Themen richten sich an: <\/p>\n\n<ul class=\"wp-block-list\"><li>Interkulturalit\u00e4t<\/li><li>Mehrsprachigkeit<\/li><li>digitale Staatsb\u00fcrgerschaft<\/li><\/ul>\n\n<p>F\u00fcr jedes Thema werden mehrere Aktivit\u00e4ten vorgeschlagen und durch genaue Anweisungen detailliert und von 3 Leitf\u00e4den begleitet, die Ratschl\u00e4ge zum Lernen zusammenfassen, um: <\/p>\n\n<ul class=\"wp-block-list\"><li>Filmen mit der Klasse<\/li><li>Mit &#8220;Clap!&#8221;<\/li><li>Erste Schritte mit der Bearbeitung<\/li><\/ul>\n","protected":false},"excerpt":{"rendered":"<p>Als Teil dieses ODIMET-Projekts wurden 3 Themen durch Aktivit\u00e4ten untersucht, die im Unterricht umgesetzt werden sollen, detailliert in methodischen und p\u00e4dagogischen Leitf\u00e4den, die von den drei europ\u00e4ischen Partnern erstellt wurden. Diese 3 Themen richten sich an: Interkulturalit\u00e4t Mehrsprachigkeit digitale Staatsb\u00fcrgerschaft &hellip; <a class=\"kt-excerpt-readmore\" href=\"https:\/\/odimet.eu\/de\/ressourcen-produziert\/\" aria-label=\"Ressourcen produziert\">Weiterlesen<\/a><\/p>\n","protected":false},"author":5081,"featured_media":0,"parent":0,"menu_order":0,"comment_status":"closed","ping_status":"closed","template":"","meta":{"kt_blocks_editor_width":"","footnotes":""},"class_list":["post-16259","page","type-page","status-publish","hentry"],"_links":{"self":[{"href":"https:\/\/odimet.eu\/de\/wp-json\/wp\/v2\/pages\/16259","targetHints":{"allow":["GET"]}}],"collection":[{"href":"https:\/\/odimet.eu\/de\/wp-json\/wp\/v2\/pages"}],"about":[{"href":"https:\/\/odimet.eu\/de\/wp-json\/wp\/v2\/types\/page"}],"author":[{"embeddable":true,"href":"https:\/\/odimet.eu\/de\/wp-json\/wp\/v2\/users\/5081"}],"replies":[{"embeddable":true,"href":"https:\/\/odimet.eu\/de\/wp-json\/wp\/v2\/comments?post=16259"}],"version-history":[{"count":2,"href":"https:\/\/odimet.eu\/de\/wp-json\/wp\/v2\/pages\/16259\/revisions"}],"predecessor-version":[{"id":16313,"href":"https:\/\/odimet.eu\/de\/wp-json\/wp\/v2\/pages\/16259\/revisions\/16313"}],"wp:attachment":[{"href":"https:\/\/odimet.eu\/de\/wp-json\/wp\/v2\/media?parent=16259"}],"curies":[{"name":"wp","href":"https:\/\/api.w.org\/{rel}","templated":true}]}}