{"id":16263,"date":"2022-04-08T16:48:40","date_gmt":"2022-04-08T14:48:40","guid":{"rendered":"https:\/\/odimet.eu\/zeitung\/"},"modified":"2022-06-17T10:03:36","modified_gmt":"2022-06-17T08:03:36","slug":"zeitung","status":"publish","type":"page","link":"https:\/\/odimet.eu\/de\/zeitung\/","title":{"rendered":"Zeitung"},"content":{"rendered":"\n<p>Ein gro\u00dfes Dankesch\u00f6n an <a href=\"https:\/\/www.france-education-international.fr\/belc\" data-type=\"URL\" data-id=\"https:\/\/www.france-education-international.fr\/belc\">BELC,<\/a> die franz\u00f6sischen Berufe der Welt, Ausbildungszentrum der <a href=\"https:\/\/www.france-education-international.fr\/\" data-type=\"URL\" data-id=\"https:\/\/www.france-education-international.fr\/\">FEI<\/a> (France Education International), f\u00fcr die Weitergabe der Ergebnisse des ersten Jahres des ODIMET-Projekts in seinen sozialen Netzwerken.<\/p>\n<style>.kb-image_4f8005-f3 .kb-image-has-overlay:after{opacity:0.3;}<\/style>\n<figure class=\"wp-block-kadence-image kb-image_4f8005-f3 size-large\"><a href=\"https:\/\/www.instagram.com\/p\/CbXFIDMgD2u\/?utm_source=ig_web_copy_link\" class=\"kb-advanced-image-link\"><img decoding=\"async\" src=\"https:\/\/odimet.eu\/wp-content\/uploads\/sites\/26\/2022\/04\/Capture-de%CC%81cran-2022-04-12-a%CC%80-11.33.11-1024x556.png\" alt=\"\" class=\"kb-img wp-image-16287\"><\/a><\/figure>\n\n<figure class=\"wp-block-image size-large\"><a href=\"https:\/\/www.linkedin.com\/feed\/update\/urn:li:activity:6909887911089856512\"><img decoding=\"async\" src=\"https:\/\/odimet.eu\/wp-content\/uploads\/sites\/26\/2022\/04\/Capture-de&#x301;cran-2022-04-12-a&#x300;-11.37.49-870x1024.png\" alt=\"\" class=\"wp-image-16290\"\/><\/a><\/figure>\n\n<p><a href=\"https:\/\/www.facebook.com\/belcfei\/photos\/a.260946624029264\/3519430784847482\/\">Facebook<\/a> \/ <a rel=\"noreferrer noopener\" href=\"https:\/\/twitter.com\/belcfei\/status\/1505822861415653376?s=20&amp;t=yl8xa2nlhESeKTNwISH4yg\" target=\"_blank\">Twitter<\/a><\/p>\n\n<p>Andererseits haben wir die ersten Ergebnisse des Projekts in den sozialen Netzwerken von Par Le Monde, insbesondere auf <a href=\"https:\/\/www.linkedin.com\/company\/par-le-monde\/posts\/?feedView=all\" data-type=\"URL\" data-id=\"https:\/\/www.linkedin.com\/company\/par-le-monde\/posts\/?feedView=all\">Linkedin<\/a> , weitergegeben<\/p>\n","protected":false},"excerpt":{"rendered":"<p>Ein gro\u00dfes Dankesch\u00f6n an BELC, die franz\u00f6sischen Berufe der Welt, Ausbildungszentrum der FEI (France Education International), f\u00fcr die Weitergabe der Ergebnisse des ersten Jahres des ODIMET-Projekts in seinen sozialen Netzwerken. Facebook \/ Twitter Andererseits haben wir die ersten Ergebnisse des &hellip; <a class=\"kt-excerpt-readmore\" href=\"https:\/\/odimet.eu\/de\/zeitung\/\" aria-label=\"Zeitung\">Weiterlesen<\/a><\/p>\n","protected":false},"author":5081,"featured_media":0,"parent":0,"menu_order":0,"comment_status":"closed","ping_status":"closed","template":"","meta":{"kt_blocks_editor_width":"","footnotes":""},"class_list":["post-16263","page","type-page","status-publish","hentry"],"_links":{"self":[{"href":"https:\/\/odimet.eu\/de\/wp-json\/wp\/v2\/pages\/16263","targetHints":{"allow":["GET"]}}],"collection":[{"href":"https:\/\/odimet.eu\/de\/wp-json\/wp\/v2\/pages"}],"about":[{"href":"https:\/\/odimet.eu\/de\/wp-json\/wp\/v2\/types\/page"}],"author":[{"embeddable":true,"href":"https:\/\/odimet.eu\/de\/wp-json\/wp\/v2\/users\/5081"}],"replies":[{"embeddable":true,"href":"https:\/\/odimet.eu\/de\/wp-json\/wp\/v2\/comments?post=16263"}],"version-history":[{"count":2,"href":"https:\/\/odimet.eu\/de\/wp-json\/wp\/v2\/pages\/16263\/revisions"}],"predecessor-version":[{"id":16315,"href":"https:\/\/odimet.eu\/de\/wp-json\/wp\/v2\/pages\/16263\/revisions\/16315"}],"wp:attachment":[{"href":"https:\/\/odimet.eu\/de\/wp-json\/wp\/v2\/media?parent=16263"}],"curies":[{"name":"wp","href":"https:\/\/api.w.org\/{rel}","templated":true}]}}