{"id":16267,"date":"2022-04-08T16:49:21","date_gmt":"2022-04-08T14:49:21","guid":{"rendered":"https:\/\/odimet.eu\/referenzen\/"},"modified":"2022-11-09T10:30:27","modified_gmt":"2022-11-09T09:30:27","slug":"referenzen","status":"publish","type":"page","link":"https:\/\/odimet.eu\/de\/referenzen\/","title":{"rendered":"Referenzen"},"content":{"rendered":"\n<blockquote class=\"wp-block-quote is-layout-flow wp-block-quote-is-layout-flow\"><p>&#8220;Bravo! Ausgedachte und bereitgestellte Vorschl\u00e4ge \u2192 Organisatorische Nachbereitung, motivierende Vorw\u00e4nde, F\u00f6rderung von Produktionen, Methoden, begleitende Dokumente, Online-Tools &#8230;&#8221; ein Lehrer f\u00fcr digitale Ressourcen und Anwendungen, der an einer Verbreitungsveranstaltung im 1. Jahr teilgenommen hat Arbeit des ODIMET-Projekts.<\/p><\/blockquote>\n","protected":false},"excerpt":{"rendered":"<p>&#8220;Bravo! Ausgedachte und bereitgestellte Vorschl\u00e4ge \u2192 Organisatorische Nachbereitung, motivierende Vorw\u00e4nde, F\u00f6rderung von Produktionen, Methoden, begleitende Dokumente, Online-Tools &#8230;&#8221; ein Lehrer f\u00fcr digitale Ressourcen und Anwendungen, der an einer Verbreitungsveranstaltung im 1. Jahr teilgenommen hat Arbeit des ODIMET-Projekts.<\/p>\n","protected":false},"author":5081,"featured_media":0,"parent":0,"menu_order":0,"comment_status":"closed","ping_status":"closed","template":"","meta":{"kt_blocks_editor_width":"","footnotes":""},"class_list":["post-16267","page","type-page","status-publish","hentry"],"_links":{"self":[{"href":"https:\/\/odimet.eu\/de\/wp-json\/wp\/v2\/pages\/16267","targetHints":{"allow":["GET"]}}],"collection":[{"href":"https:\/\/odimet.eu\/de\/wp-json\/wp\/v2\/pages"}],"about":[{"href":"https:\/\/odimet.eu\/de\/wp-json\/wp\/v2\/types\/page"}],"author":[{"embeddable":true,"href":"https:\/\/odimet.eu\/de\/wp-json\/wp\/v2\/users\/5081"}],"replies":[{"embeddable":true,"href":"https:\/\/odimet.eu\/de\/wp-json\/wp\/v2\/comments?post=16267"}],"version-history":[{"count":2,"href":"https:\/\/odimet.eu\/de\/wp-json\/wp\/v2\/pages\/16267\/revisions"}],"predecessor-version":[{"id":16317,"href":"https:\/\/odimet.eu\/de\/wp-json\/wp\/v2\/pages\/16267\/revisions\/16317"}],"wp:attachment":[{"href":"https:\/\/odimet.eu\/de\/wp-json\/wp\/v2\/media?parent=16267"}],"curies":[{"name":"wp","href":"https:\/\/api.w.org\/{rel}","templated":true}]}}