{"id":16271,"date":"2022-04-08T16:50:20","date_gmt":"2022-04-08T14:50:20","guid":{"rendered":"https:\/\/odimet.eu\/kontakte\/"},"modified":"2022-06-17T10:03:49","modified_gmt":"2022-06-17T08:03:49","slug":"kontakte","status":"publish","type":"page","link":"https:\/\/odimet.eu\/de\/kontakte\/","title":{"rendered":"Kontakte"},"content":{"rendered":"\n<p>Bei weiteren Fragen zu diesem ODIMET-Projekt wenden Sie sich bitte an die Referenten: <\/p>\n\n<p><strong>Garance Simoneau in Frankreich:<\/strong> garance.simoneau@parlemonde.org<\/p>\n\n<p><strong>Claudia Mewald in \u00d6sterreich:<\/strong> claudia.Mewald@ph-noe.ac.at<\/p>\n\n<p>Wenn Sie mehr \u00fcber die 3 europ\u00e4ischen Partner erfahren m\u00f6chten, die an dem Projekt teilgenommen haben, z\u00f6gern Sie nicht, einen Blick auf ihre Website zu werfen:<\/p>\n\n<h2 class=\"wp-block-heading\">Par Le Monde<\/h2>\n\n<figure class=\"wp-block-embed is-type-wp-embed is-provider-association-par-le-monde wp-block-embed-association-par-le-monde\"><div class=\"wp-block-embed__wrapper\">\n<blockquote class=\"wp-embedded-content\" data-secret=\"Po76GDNW36\"><a href=\"https:\/\/www.parlemonde.org\/nous-rejoindre\/\">Nous rejoindre<\/a><\/blockquote><iframe loading=\"lazy\" class=\"wp-embedded-content\" sandbox=\"allow-scripts\" security=\"restricted\" style=\"position: absolute; clip: rect(1px, 1px, 1px, 1px);\" title=\"&#8222;Nous rejoindre&#8220; &#8212; Association Par Le Monde\" src=\"https:\/\/www.parlemonde.org\/nous-rejoindre\/embed\/#?secret=7TjMhCjbLL#?secret=Po76GDNW36\" data-secret=\"Po76GDNW36\" width=\"600\" height=\"338\" frameborder=\"0\" marginwidth=\"0\" marginheight=\"0\" scrolling=\"no\"><\/iframe>\n<\/div><\/figure>\n\n<h2 class=\"wp-block-heading\">PH N\u00d6 <\/h2>\n\n<p><a href=\"https:\/\/www.ph-noe.ac.at\/de\/kontakt\">https:\/\/www.ph-noe.ac.at\/de\/kontakt<\/a><\/p>\n\n<h2 class=\"wp-block-heading\">Wemanity<\/h2>\n\n<p><a href=\"https:\/\/wemanity.com\/contact\/\">https:\/\/wemanity.com\/contact\/<\/a><\/p>\n","protected":false},"excerpt":{"rendered":"<p>Bei weiteren Fragen zu diesem ODIMET-Projekt wenden Sie sich bitte an die Referenten: Garance Simoneau in Frankreich: garance.simoneau@parlemonde.org Claudia Mewald in \u00d6sterreich: claudia.Mewald@ph-noe.ac.at Wenn Sie mehr \u00fcber die 3 europ\u00e4ischen Partner erfahren m\u00f6chten, die an dem Projekt teilgenommen haben, z\u00f6gern &hellip; <a class=\"kt-excerpt-readmore\" href=\"https:\/\/odimet.eu\/de\/kontakte\/\" aria-label=\"Kontakte\">Weiterlesen<\/a><\/p>\n","protected":false},"author":5081,"featured_media":0,"parent":0,"menu_order":0,"comment_status":"closed","ping_status":"closed","template":"","meta":{"kt_blocks_editor_width":"","footnotes":""},"class_list":["post-16271","page","type-page","status-publish","hentry"],"_links":{"self":[{"href":"https:\/\/odimet.eu\/de\/wp-json\/wp\/v2\/pages\/16271","targetHints":{"allow":["GET"]}}],"collection":[{"href":"https:\/\/odimet.eu\/de\/wp-json\/wp\/v2\/pages"}],"about":[{"href":"https:\/\/odimet.eu\/de\/wp-json\/wp\/v2\/types\/page"}],"author":[{"embeddable":true,"href":"https:\/\/odimet.eu\/de\/wp-json\/wp\/v2\/users\/5081"}],"replies":[{"embeddable":true,"href":"https:\/\/odimet.eu\/de\/wp-json\/wp\/v2\/comments?post=16271"}],"version-history":[{"count":4,"href":"https:\/\/odimet.eu\/de\/wp-json\/wp\/v2\/pages\/16271\/revisions"}],"predecessor-version":[{"id":16308,"href":"https:\/\/odimet.eu\/de\/wp-json\/wp\/v2\/pages\/16271\/revisions\/16308"}],"wp:attachment":[{"href":"https:\/\/odimet.eu\/de\/wp-json\/wp\/v2\/media?parent=16271"}],"curies":[{"name":"wp","href":"https:\/\/api.w.org\/{rel}","templated":true}]}}