{"id":16253,"date":"2022-04-08T16:47:00","date_gmt":"2022-04-08T14:47:00","guid":{"rendered":"https:\/\/odimet.eu\/dissemination-events\/"},"modified":"2023-02-27T12:07:27","modified_gmt":"2023-02-27T11:07:27","slug":"dissemination-events","status":"publish","type":"page","link":"https:\/\/odimet.eu\/en\/dissemination-events\/","title":{"rendered":"Dissemination events"},"content":{"rendered":"\n<h2 class=\"wp-block-heading\">2021-2022<\/h2>\n\n<p>In order to disseminate the productions made during the first year of this project to as many people as possible, we have collected<strong>  Teachers for Digital Resources and Uses of Besan\u00e7on (eRUN)<\/strong>future teachers in  <strong>continued education<\/strong>  of the<strong>academy of Besan\u00e7on<\/strong>  (as an extension of the initial training, for new teachers) but also for students on their way to becoming  <strong>specialized educators<\/strong>  of the EFPP (\u00c9cole de Formation de Pyscho P\u00e9dagogique), to present them the tools developed so far.  <\/p>\n\n<figure class=\"wp-block-image size-full\"><img loading=\"lazy\" decoding=\"async\" width=\"154\" height=\"88\" src=\"https:\/\/odimet.eu\/wp-content\/uploads\/2023\/02\/logo-efpp.png\" alt=\"\" class=\"wp-image-17746\"\/><\/figure>\n\n<figure class=\"wp-block-image size-full\"><img loading=\"lazy\" decoding=\"async\" width=\"294\" height=\"81\" src=\"https:\/\/odimet.eu\/wp-content\/uploads\/2023\/02\/Besancon.png\" alt=\"\" class=\"wp-image-17749\"\/><\/figure>\n\n<p>They then discovered the two intellectual productions developed during this first year: a toolbox allowing them to embark on a program of digital correspondence composed in particular of the audiovisual writing aid tool &#8220;Clap!&#8221; but also the first activities around interculturality.<\/p>\n\n<p>This project was presented to them in several forms: by videoconference but also face-to-face, in the form of a filmed conference, to make it available to foreign participants.<\/p>\n\n<p>Here is the intervention dedicated to <strong>teachers in continuing education<\/strong> of the Academy of Besan\u00e7on which therefore presents these first two intellectual productions: <\/p>\n\n<figure class=\"wp-block-embed is-type-video is-provider-youtube wp-block-embed-youtube wp-embed-aspect-16-9 wp-has-aspect-ratio\"><div class=\"wp-block-embed__wrapper\">\n<iframe loading=\"lazy\" title=\"2022 - \u00c9v\u00e8nement de diss\u00e9mination - ODIMET - IO1 &amp; IO3\" width=\"1140\" height=\"641\" src=\"https:\/\/www.youtube.com\/embed\/mD0YoRdJNXU?feature=oembed\" frameborder=\"0\" allow=\"accelerometer; autoplay; clipboard-write; encrypted-media; gyroscope; picture-in-picture\" allowfullscreen><\/iframe>\n<\/div><\/figure>\n\n<figure class=\"wp-block-image size-large\"><img loading=\"lazy\" decoding=\"async\" width=\"1024\" height=\"768\" src=\"https:\/\/odimet.eu\/wp-content\/uploads\/2023\/02\/20230125_113640-1024x768.jpg\" alt=\"\" class=\"wp-image-17774\" srcset=\"https:\/\/odimet.eu\/wp-content\/uploads\/2023\/02\/20230125_113640-1024x768.jpg 1024w, https:\/\/odimet.eu\/wp-content\/uploads\/2023\/02\/20230125_113640-300x225.jpg 300w, https:\/\/odimet.eu\/wp-content\/uploads\/2023\/02\/20230125_113640-768x576.jpg 768w, https:\/\/odimet.eu\/wp-content\/uploads\/2023\/02\/20230125_113640-1536x1152.jpg 1536w, https:\/\/odimet.eu\/wp-content\/uploads\/2023\/02\/20230125_113640-2048x1536.jpg 2048w, https:\/\/odimet.eu\/wp-content\/uploads\/2023\/02\/20230125_113640-320x240.jpg 320w, https:\/\/odimet.eu\/wp-content\/uploads\/2023\/02\/20230125_113640-800x600.jpg 800w\" sizes=\"auto, (max-width: 1024px) 100vw, 1024px\" \/><figcaption class=\"wp-element-caption\">Intervention with future specialized educators<\/figcaption><\/figure>\n\n<p>Here is also the recorded training dedicated to <strong>eRUN:<\/strong><\/p>\n\n<p><\/p>\n\n<figure class=\"wp-block-embed is-type-video is-provider-youtube wp-block-embed-youtube wp-embed-aspect-16-9 wp-has-aspect-ratio\"><div class=\"wp-block-embed__wrapper\">\n<iframe loading=\"lazy\" title=\"\u00c9v\u00e8nement de diss\u00e9mination ERUN\" width=\"1140\" height=\"641\" src=\"https:\/\/www.youtube.com\/embed\/n8oFD48nUgM?feature=oembed\" frameborder=\"0\" allow=\"accelerometer; autoplay; clipboard-write; encrypted-media; gyroscope; picture-in-picture\" allowfullscreen><\/iframe>\n<\/div><\/figure>\n\n<h2 class=\"wp-block-heading\">2022-2023<\/h2>\n\n<p>To close the two years of the ODIMET project, we organized a global dissemination event in Austria, at the PH N\u00d6 University on<strong>  February 2, 2023<\/strong>  by inviting the French, Belgian and Austrian teachers who took part in the exchanges during the two years, so that they can share their experience with other teachers interested in the project.<\/p>\n\n<figure class=\"wp-block-image size-large\"><img loading=\"lazy\" decoding=\"async\" width=\"1024\" height=\"768\" src=\"https:\/\/odimet.eu\/wp-content\/uploads\/2023\/02\/20230202_150432-1024x768.jpg\" alt=\"\" class=\"wp-image-17771\" srcset=\"https:\/\/odimet.eu\/wp-content\/uploads\/2023\/02\/20230202_150432-1024x768.jpg 1024w, https:\/\/odimet.eu\/wp-content\/uploads\/2023\/02\/20230202_150432-300x225.jpg 300w, https:\/\/odimet.eu\/wp-content\/uploads\/2023\/02\/20230202_150432-768x576.jpg 768w, https:\/\/odimet.eu\/wp-content\/uploads\/2023\/02\/20230202_150432-1536x1152.jpg 1536w, https:\/\/odimet.eu\/wp-content\/uploads\/2023\/02\/20230202_150432-2048x1536.jpg 2048w, https:\/\/odimet.eu\/wp-content\/uploads\/2023\/02\/20230202_150432-320x240.jpg 320w, https:\/\/odimet.eu\/wp-content\/uploads\/2023\/02\/20230202_150432-800x600.jpg 800w\" sizes=\"auto, (max-width: 1024px) 100vw, 1024px\" \/><figcaption class=\"wp-element-caption\">Opening remarks by Edda Polz (Vice Rector for Research and Academic Development)<\/figcaption><\/figure>\n\n<p>Please find below, the video transcript of this event:<\/p>\n\n<figure class=\"wp-block-embed is-type-video is-provider-youtube wp-block-embed-youtube wp-embed-aspect-4-3 wp-has-aspect-ratio\"><div class=\"wp-block-embed__wrapper\">\n<iframe loading=\"lazy\" title=\"Dissemination event - ODIMET - february 2022\" width=\"1140\" height=\"855\" src=\"https:\/\/www.youtube.com\/embed\/JpsEH-etl5g?feature=oembed\" frameborder=\"0\" allow=\"accelerometer; autoplay; clipboard-write; encrypted-media; gyroscope; picture-in-picture; web-share\" allowfullscreen><\/iframe>\n<\/div><\/figure>\n\n<p>Below, you can download the resources presented during this day, mainly those around multilingualism detailed that day.  <\/p>\n\n<p>For other resources about digital citizenship and interculturality, do not hesitate to consult the dedicated tabs in &#8220;Resources produced&#8221; then &#8220;Download&#8221;.<\/p>\n\n<div class=\"row\"><\/div>\n<div class=\"col-md-6  \">\n<h3>Multilingual activities-AU<\/h3>\n<aside\n\tclass=\"download-box\">\n\n\t<img loading=\"lazy\" decoding=\"async\" width=\"900\" height=\"1600\" src=\"https:\/\/odimet.eu\/wp-content\/uploads\/rtMedia\/users\/5670\/2023\/01\/Foto-3.jpg\" class=\"attachment-full size-full wp-post-image\" alt=\"\">\n\t<div\n\t\tclass=\"download-count\">936 downloads<\/div>\n\n\t<div\n\t\tclass=\"download-box-content\">\n\n\t\t<h1>Multilingual-activities-German<\/h1>\n\n\t\t\t\t\t\t<a  data-e-Disable-Page-Transition=\"true\" class=\"download-link download-button\" title=\"\" href=\"https:\/\/odimet.eu\/en\/download\/17786\/?tmstv=1777399822\" rel=\"nofollow\" id=\"download-link-17786\" data-redirect=\"false\" >\n\t\t\tDownload File\t\t\t<small>Multilingual-activites-German.pdf\t\t\t\t&ndash; 20.84 MB<\/small>\n\t\t<\/a>\n\t\t\t<\/div>\n<\/aside>\n\n\n<\/div>\n\n<div class=\"row\"><\/div>\n\n<div class=\"row\"><\/div>\n<div class=\"col-md-6  \">\n<h3>Multilingual activities-EN<\/h3>\n<aside\n\tclass=\"download-box\">\n\n\t<img loading=\"lazy\" decoding=\"async\" width=\"2048\" height=\"1369\" src=\"https:\/\/odimet.eu\/wp-content\/uploads\/2023\/01\/tim-gouw-KigTvXqetXA-unsplash.jpg\" class=\"attachment-full size-full wp-post-image\" alt=\"\">\n\t<div\n\t\tclass=\"download-count\">1521 downloads<\/div>\n\n\t<div\n\t\tclass=\"download-box-content\">\n\n\t\t<h1>Multilingual-activities-EN<\/h1>\n\n\t\t\t\t\t\t<a  data-e-Disable-Page-Transition=\"true\" class=\"download-link download-button\" title=\"\" href=\"https:\/\/odimet.eu\/en\/download\/17690\/?tmstv=1777399822\" rel=\"nofollow\" id=\"download-link-17690\" data-redirect=\"false\" >\n\t\t\tDownload File\t\t\t<small>Multilingual-activities-EN.pdf\t\t\t\t&ndash; 1.42 MB<\/small>\n\t\t<\/a>\n\t\t\t<\/div>\n<\/aside>\n\n\n<\/div>\n\n<div class=\"row\"><\/div>\n\n<div class=\"row\"><\/div>\n<div class=\"col-md-6  \">\n<h3>Multilingual activities-FR<\/h3>\n<aside\n\tclass=\"download-box\">\n\n\t<img loading=\"lazy\" decoding=\"async\" width=\"2048\" height=\"1369\" src=\"https:\/\/odimet.eu\/wp-content\/uploads\/2023\/01\/tim-gouw-KigTvXqetXA-unsplash.jpg\" class=\"attachment-full size-full wp-post-image\" alt=\"\">\n\t<div\n\t\tclass=\"download-count\">1242 downloads<\/div>\n\n\t<div\n\t\tclass=\"download-box-content\">\n\n\t\t<h1>Activites-multilingues-FR<\/h1>\n\n\t\t\t\t\t\t<a  data-e-Disable-Page-Transition=\"true\" class=\"download-link download-button\" title=\"\" href=\"https:\/\/odimet.eu\/en\/download\/17685\/?tmstv=1777399822\" rel=\"nofollow\" id=\"download-link-17685\" data-redirect=\"false\" >\n\t\t\tDownload File\t\t\t<small>Activites-multilingues-FR.pdf\t\t\t\t&ndash; 935.18 KB<\/small>\n\t\t<\/a>\n\t\t\t<\/div>\n<\/aside>\n\n\n<\/div>\n\n<div class=\"row\"><\/div>\n\n<p>The translation of the ODIMET website is generated automatically. As a result, it does not always respect the rules of spelling or grammar. Also, the choice of automatically generated words may seem strange. We apologize for any inconsistencies in translation that may occur.  <\/p>\n","protected":false},"excerpt":{"rendered":"<p>2021-2022 In order to disseminate the productions made during the first year of this project to as many people as possible, we have collected Teachers for Digital Resources and Uses of Besan\u00e7on (eRUN)future teachers in continued education of theacademy of &hellip; <a class=\"kt-excerpt-readmore\" href=\"https:\/\/odimet.eu\/en\/dissemination-events\/\" aria-label=\"Dissemination events\">Read More<\/a><\/p>\n","protected":false},"author":5081,"featured_media":16320,"parent":0,"menu_order":0,"comment_status":"closed","ping_status":"closed","template":"","meta":{"kt_blocks_editor_width":"","footnotes":""},"class_list":["post-16253","page","type-page","status-publish","has-post-thumbnail","hentry"],"_links":{"self":[{"href":"https:\/\/odimet.eu\/en\/wp-json\/wp\/v2\/pages\/16253","targetHints":{"allow":["GET"]}}],"collection":[{"href":"https:\/\/odimet.eu\/en\/wp-json\/wp\/v2\/pages"}],"about":[{"href":"https:\/\/odimet.eu\/en\/wp-json\/wp\/v2\/types\/page"}],"author":[{"embeddable":true,"href":"https:\/\/odimet.eu\/en\/wp-json\/wp\/v2\/users\/5081"}],"replies":[{"embeddable":true,"href":"https:\/\/odimet.eu\/en\/wp-json\/wp\/v2\/comments?post=16253"}],"version-history":[{"count":13,"href":"https:\/\/odimet.eu\/en\/wp-json\/wp\/v2\/pages\/16253\/revisions"}],"predecessor-version":[{"id":17989,"href":"https:\/\/odimet.eu\/en\/wp-json\/wp\/v2\/pages\/16253\/revisions\/17989"}],"wp:featuredmedia":[{"embeddable":true,"href":"https:\/\/odimet.eu\/en\/wp-json\/wp\/v2\/media\/16320"}],"wp:attachment":[{"href":"https:\/\/odimet.eu\/en\/wp-json\/wp\/v2\/media?parent=16253"}],"curies":[{"name":"wp","href":"https:\/\/api.w.org\/{rel}","templated":true}]}}