{"id":423,"date":"2021-10-12T11:16:03","date_gmt":"2021-10-12T09:16:03","guid":{"rendered":"https:\/\/odimet.eu\/welcome\/"},"modified":"2023-10-09T17:07:24","modified_gmt":"2023-10-09T15:07:24","slug":"welcome","status":"publish","type":"page","link":"https:\/\/odimet.eu\/en\/","title":{"rendered":"About ODIMET"},"content":{"rendered":"\n<p>Within the framework of a European project entitled ODIMET, the association Par Le Monde, the University of Education of Lower Austria (P\u00e4dagogische Hochschule Nieder\u00f6sterreich or PH N\u00d6) and the company Wemanity, provided the European teaching community with a concrete set of methodological tools for the production of cultural videos for children from 7 to 12 years old. This kit consists of the &#8220;Clap!&#8221; , as well as digital activities available for offline use, so that teachers can engage their classes in a fruitful life experience with their European peers. Per Le Monde, PH N\u00d6 and Wemanity have designed educational guides and sheets to help achieve the educational goals of all users.<\/p>\n\n<p>Indeed, convinced that digital correspondence can cultivate empathy and curiosity as well as guarantee the cohesion of future generations, this kit is an opportunity to maintain these values and disseminate them within the European community.<\/p>\n\n<p>Several classes in <strong>France, Belgium and Austria<\/strong> took part in the game and set up these activities in order to test the proposed resources. The pupils exchanged via <strong>eTwinning<\/strong> , a secure platform for connecting education stakeholders in European countries. They shared their videos and asked each other questions about the culture of their mutual country. <\/p>\n<style>#kt-layout-id_e2732b-f8 > .kt-row-column-wrap{align-content:start;}:where(#kt-layout-id_e2732b-f8 > .kt-row-column-wrap) > .wp-block-kadence-column{justify-content:start;}#kt-layout-id_e2732b-f8 > .kt-row-column-wrap{column-gap:var(--global-kb-gap-md, 2rem);row-gap:var(--global-kb-gap-md, 2rem);padding-top:var( --global-kb-row-default-top, 25px );padding-bottom:var( --global-kb-row-default-bottom, 25px );padding-top:var(--global-kb-spacing-sm, 1.5rem);padding-bottom:var(--global-kb-spacing-sm, 1.5rem);}#kt-layout-id_e2732b-f8 > .kt-row-column-wrap > div:not(.added-for-specificity){grid-column:initial;}#kt-layout-id_e2732b-f8 > .kt-row-column-wrap{grid-template-columns:repeat(3, minmax(0, 1fr));}#kt-layout-id_e2732b-f8 > .kt-row-layout-overlay{opacity:0.30;}@media all and (max-width: 1024px){#kt-layout-id_e2732b-f8 > .kt-row-column-wrap > div:not(.added-for-specificity){grid-column:initial;}}@media all and (max-width: 1024px){#kt-layout-id_e2732b-f8 > .kt-row-column-wrap{grid-template-columns:repeat(3, minmax(0, 1fr));}}@media all and (max-width: 767px){#kt-layout-id_e2732b-f8 > .kt-row-column-wrap > div:not(.added-for-specificity){grid-column:initial;}#kt-layout-id_e2732b-f8 > .kt-row-column-wrap{grid-template-columns:minmax(0, 1fr);}}<\/style>\n<div class=\"wp-block-kadence-rowlayout alignnone\"><div id=\"kt-layout-id_e2732b-f8\" class=\"kt-row-layout-inner kt-layout-id_e2732b-f8\"><div class=\"kt-row-column-wrap kt-has-3-columns kt-gutter-default kt-v-gutter-default kt-row-valign-top kt-row-layout-equal kt-tab-layout-inherit kt-m-colapse-left-to-right kt-mobile-layout-row\"><style>.kadence-column_8f69dd-ee > .kt-inside-inner-col{border-top-width:0px;border-right-width:0px;border-bottom-width:0px;border-left-width:0px;}.kadence-column_8f69dd-ee > .kt-inside-inner-col,.kadence-column_8f69dd-ee > .kt-inside-inner-col:before{border-top-left-radius:0px;border-top-right-radius:0px;border-bottom-right-radius:0px;border-bottom-left-radius:0px;}.kadence-column_8f69dd-ee > .kt-inside-inner-col{column-gap:var(--global-kb-gap-sm, 1rem);}.kadence-column_8f69dd-ee > .kt-inside-inner-col{flex-direction:column;}.kadence-column_8f69dd-ee > .kt-inside-inner-col > .aligncenter{width:100%;}.kadence-column_8f69dd-ee > .kt-inside-inner-col:before{opacity:0.3;}.kadence-column_8f69dd-ee{position:relative;}@media all and (max-width: 1024px){.kadence-column_8f69dd-ee > .kt-inside-inner-col{flex-direction:column;justify-content:center;}}@media all and (max-width: 767px){.kadence-column_8f69dd-ee > .kt-inside-inner-col{flex-direction:column;justify-content:center;}}<\/style>\n<div class=\"wp-block-kadence-column inner-column-1 kadence-column_8f69dd-ee\"><div class=\"kt-inside-inner-col\">\n<h2 class=\"has-virtue-primary-color has-text-color wp-block-heading\">Par Le Monde <\/h2>\n\n\n\n<figure class=\"wp-block-image size-large\"><img loading=\"lazy\" decoding=\"async\" width=\"1024\" height=\"359\" src=\"https:\/\/odimet.eu\/wp-content\/uploads\/sites\/26\/2021\/10\/logo-PLM-allonge-1024x359.jpg\" alt=\"\" class=\"wp-image-431\" srcset=\"https:\/\/odimet.eu\/wp-content\/uploads\/2021\/10\/logo-PLM-allonge-1024x359.jpg 1024w, https:\/\/odimet.eu\/wp-content\/uploads\/2021\/10\/logo-PLM-allonge-300x105.jpg 300w, https:\/\/odimet.eu\/wp-content\/uploads\/2021\/10\/logo-PLM-allonge-768x269.jpg 768w, https:\/\/odimet.eu\/wp-content\/uploads\/2021\/10\/logo-PLM-allonge.jpg 1500w\" sizes=\"auto, (max-width: 1024px) 100vw, 1024px\" \/><\/figure>\n\n\n\n<p><a href=\"https:\/\/www.parlemonde.org\/\" data-type=\"URL\" data-id=\"https:\/\/www.parlemonde.org\/\">Par Le Monde<\/a> is a 1901 law association created in 2013, which provides an educational solution to the challenge of living together in France and internationally. By promoting dialogue between children across geographical distances and the boundaries of the mind, we work to build a counter-model of cultural identity, positive, dynamic, inclusive and open to others.<\/p>\n\n\n\n<p>The innovative use of new means of communication makes it possible to provide a concrete experience of fraternity to children in a situation of geographical, social or school isolation.<\/p>\n\n\n\n<p>Within the project, Par Le Monde uses its expertise in the ideation and practice of activities around interculturality and digital citizenship. The association also includes French primary classes in the exchanges that take place on eTwinning.<\/p>\n<\/div><\/div>\n\n\n<style>.kadence-column_0bc8f2-5b > .kt-inside-inner-col{border-top-width:0px;border-right-width:0px;border-bottom-width:0px;border-left-width:0px;}.kadence-column_0bc8f2-5b > .kt-inside-inner-col,.kadence-column_0bc8f2-5b > .kt-inside-inner-col:before{border-top-left-radius:0px;border-top-right-radius:0px;border-bottom-right-radius:0px;border-bottom-left-radius:0px;}.kadence-column_0bc8f2-5b > .kt-inside-inner-col{column-gap:var(--global-kb-gap-sm, 1rem);}.kadence-column_0bc8f2-5b > .kt-inside-inner-col{flex-direction:column;}.kadence-column_0bc8f2-5b > .kt-inside-inner-col > .aligncenter{width:100%;}.kadence-column_0bc8f2-5b > .kt-inside-inner-col:before{opacity:0.3;}.kadence-column_0bc8f2-5b{position:relative;}@media all and (max-width: 1024px){.kadence-column_0bc8f2-5b > .kt-inside-inner-col{flex-direction:column;justify-content:center;}}@media all and (max-width: 767px){.kadence-column_0bc8f2-5b > .kt-inside-inner-col{flex-direction:column;justify-content:center;}}<\/style>\n<div class=\"wp-block-kadence-column inner-column-2 kadence-column_0bc8f2-5b\"><div class=\"kt-inside-inner-col\">\n<h2 class=\"has-virtue-primary-color has-text-color wp-block-heading\">PH N\u00d6<\/h2>\n\n\n\n<figure class=\"wp-block-image size-full\"><img decoding=\"async\" src=\"https:\/\/odimet.eu\/wp-content\/uploads\/sites\/26\/2021\/10\/Capture-de&#x301;cran-2021-10-14-a&#x300;-15.52.11.png\" alt=\"\" class=\"wp-image-434\"\/><\/figure>\n\n\n\n<p><a href=\"https:\/\/www.ph-noe.ac.at\/de\/\" data-type=\"URL\" data-id=\"https:\/\/www.ph-noe.ac.at\/de\/\">The Lower Austria University of Education<\/a> (P\u00e4dagogische Hochschule Nieder\u00f6sterreich, or PH N\u00d6) trains and facilitates research for all teachers in the province of Lower Austria. At present, approximately 1,700 trainee teachers and approximately 16,000 permanent teachers are enrolled at the University, which offers Bachelor and Master level training programs for elementary, primary, secondary and special teachers.<\/p>\n\n\n\n<p>Within this project, PH N\u00d6 contributes its expertise in multilingual activities that promote the discovery of languages. <\/p>\n\n\n\n<p>Furthermore, based on the experience gained in the framework of a previous project ( <a href=\"http:\/\/www.palm-edu.eu\">www.palm-edu.eu<\/a> ), PH N\u00d6 and the associated primary practice school, organized eTwinning exchanges between Austrian classes, French and Belgian.<\/p>\n<\/div><\/div>\n\n\n<style>.kadence-column_b2ed81-e4 > .kt-inside-inner-col{border-top-width:0px;border-right-width:0px;border-bottom-width:0px;border-left-width:0px;}.kadence-column_b2ed81-e4 > .kt-inside-inner-col,.kadence-column_b2ed81-e4 > .kt-inside-inner-col:before{border-top-left-radius:0px;border-top-right-radius:0px;border-bottom-right-radius:0px;border-bottom-left-radius:0px;}.kadence-column_b2ed81-e4 > .kt-inside-inner-col{column-gap:var(--global-kb-gap-sm, 1rem);}.kadence-column_b2ed81-e4 > .kt-inside-inner-col{flex-direction:column;}.kadence-column_b2ed81-e4 > .kt-inside-inner-col > .aligncenter{width:100%;}.kadence-column_b2ed81-e4 > .kt-inside-inner-col:before{opacity:0.3;}.kadence-column_b2ed81-e4{position:relative;}@media all and (max-width: 1024px){.kadence-column_b2ed81-e4 > .kt-inside-inner-col{flex-direction:column;justify-content:center;}}@media all and (max-width: 767px){.kadence-column_b2ed81-e4 > .kt-inside-inner-col{flex-direction:column;justify-content:center;}}<\/style>\n<div class=\"wp-block-kadence-column inner-column-3 kadence-column_b2ed81-e4\"><div class=\"kt-inside-inner-col\">\n<h2 class=\"has-virtue-primary-color has-text-color wp-block-heading\">Wemanity<\/h2>\n\n\n\n<figure class=\"wp-block-gallery has-nested-images columns-default is-cropped wp-block-gallery-1 is-layout-flex wp-block-gallery-is-layout-flex\">\n<figure class=\"wp-block-image size-large\"><img loading=\"lazy\" decoding=\"async\" width=\"1024\" height=\"564\" data-id=\"498\" src=\"https:\/\/odimet.eu\/wp-content\/uploads\/sites\/26\/2021\/10\/Wemanity-1024x564.png\" alt=\"\" class=\"wp-image-498\" srcset=\"https:\/\/odimet.eu\/wp-content\/uploads\/2021\/10\/Wemanity-1024x564.png 1024w, https:\/\/odimet.eu\/wp-content\/uploads\/2021\/10\/Wemanity-300x165.png 300w, https:\/\/odimet.eu\/wp-content\/uploads\/2021\/10\/Wemanity-768x423.png 768w, https:\/\/odimet.eu\/wp-content\/uploads\/2021\/10\/Wemanity-1536x846.png 1536w, https:\/\/odimet.eu\/wp-content\/uploads\/2021\/10\/Wemanity.png 2048w\" sizes=\"auto, (max-width: 1024px) 100vw, 1024px\" \/><\/figure>\n<\/figure>\n\n\n\n<p><a href=\"https:\/\/wemanity.com\/fr\/\" data-type=\"URL\" data-id=\"https:\/\/wemanity.com\/fr\/\">Wemanity<\/a> initiates and accelerates agile business transformations.<\/p>\n\n\n\n<p>Its mission: to help companies build and support their organizations in the service of their customers, in an agile, efficient and responsible manner.<\/p>\n\n\n\n<p>Within this project, Wemanity had the mission to develop the &#8220;Clap!&#8221; based on user feedback and took charge of all the technical part of the project to find an intuitive use of our audiovisual writing tool.<\/p>\n\n\n\n<p>The main challenge of these video exchanges was to integrate the multilingual aspect into the project in a simplified way.<\/p>\n<\/div><\/div>\n<\/div><\/div><\/div>\n\n<h2 class=\"has-virtue-primary-color has-text-color wp-block-heading\">What is &#8220;Clap!&#8221; ?<\/h2>\n\n<p>&#8220;Clap!&#8221; is an audiovisual writing tool that allows primary school children to make thematic films about their daily lives and their culture. An off-line platform, it can be used on a smartphone or tablet and thus equips classes with a new fun and educational tool. <\/p>\n<style>#kt-layout-id_2dede2-2a > .kt-row-column-wrap{align-content:start;}:where(#kt-layout-id_2dede2-2a > .kt-row-column-wrap) > .wp-block-kadence-column{justify-content:start;}#kt-layout-id_2dede2-2a > .kt-row-column-wrap{column-gap:var(--global-kb-gap-md, 2rem);row-gap:var(--global-kb-gap-md, 2rem);padding-top:var( --global-kb-row-default-top, 25px );padding-bottom:var( --global-kb-row-default-bottom, 25px );padding-top:var(--global-kb-spacing-sm, 1.5rem);padding-bottom:var(--global-kb-spacing-sm, 1.5rem);grid-template-columns:minmax(0, 1fr) minmax(0, 2fr);}#kt-layout-id_2dede2-2a > .kt-row-layout-overlay{opacity:0.30;}@media all and (max-width: 1024px){#kt-layout-id_2dede2-2a > .kt-row-column-wrap{grid-template-columns:minmax(0, 1fr) minmax(0, 2fr);}}@media all and (max-width: 767px){#kt-layout-id_2dede2-2a > .kt-row-column-wrap{grid-template-columns:minmax(0, 1fr);}}<\/style>\n<div class=\"wp-block-kadence-rowlayout alignnone\"><div id=\"kt-layout-id_2dede2-2a\" class=\"kt-row-layout-inner kt-layout-id_2dede2-2a\"><div class=\"kt-row-column-wrap kt-has-2-columns kt-gutter-default kt-v-gutter-default kt-row-valign-top kt-row-layout-right-golden kt-tab-layout-inherit kt-m-colapse-left-to-right kt-mobile-layout-row\"><style>.kadence-column_7456d0-9b > .kt-inside-inner-col{border-top-width:0px;border-right-width:0px;border-bottom-width:0px;border-left-width:0px;}.kadence-column_7456d0-9b > .kt-inside-inner-col,.kadence-column_7456d0-9b > .kt-inside-inner-col:before{border-top-left-radius:0px;border-top-right-radius:0px;border-bottom-right-radius:0px;border-bottom-left-radius:0px;}.kadence-column_7456d0-9b > .kt-inside-inner-col{column-gap:var(--global-kb-gap-sm, 1rem);}.kadence-column_7456d0-9b > .kt-inside-inner-col{flex-direction:column;}.kadence-column_7456d0-9b > .kt-inside-inner-col > .aligncenter{width:100%;}.kadence-column_7456d0-9b > .kt-inside-inner-col:before{opacity:0.3;}.kadence-column_7456d0-9b{position:relative;}@media all and (max-width: 1024px){.kadence-column_7456d0-9b > .kt-inside-inner-col{flex-direction:column;justify-content:center;}}@media all and (max-width: 767px){.kadence-column_7456d0-9b > .kt-inside-inner-col{flex-direction:column;justify-content:center;}}<\/style>\n<div class=\"wp-block-kadence-column inner-column-1 kadence-column_7456d0-9b\"><div class=\"kt-inside-inner-col\">\n<figure class=\"wp-block-image size-large\"><img loading=\"lazy\" decoding=\"async\" width=\"1024\" height=\"945\" src=\"https:\/\/odimet.eu\/wp-content\/uploads\/2022\/09\/clap-1024x945.png\" alt=\"\" class=\"wp-image-16514\" srcset=\"https:\/\/odimet.eu\/wp-content\/uploads\/2022\/09\/clap-1024x945.png 1024w, https:\/\/odimet.eu\/wp-content\/uploads\/2022\/09\/clap-300x277.png 300w, https:\/\/odimet.eu\/wp-content\/uploads\/2022\/09\/clap-768x709.png 768w, https:\/\/odimet.eu\/wp-content\/uploads\/2022\/09\/clap.png 1050w\" sizes=\"auto, (max-width: 1024px) 100vw, 1024px\" \/><\/figure>\n<\/div><\/div>\n\n\n<style>.kadence-column_fad28d-57 > .kt-inside-inner-col{border-top-width:0px;border-right-width:0px;border-bottom-width:0px;border-left-width:0px;}.kadence-column_fad28d-57 > .kt-inside-inner-col,.kadence-column_fad28d-57 > .kt-inside-inner-col:before{border-top-left-radius:0px;border-top-right-radius:0px;border-bottom-right-radius:0px;border-bottom-left-radius:0px;}.kadence-column_fad28d-57 > .kt-inside-inner-col{column-gap:var(--global-kb-gap-sm, 1rem);}.kadence-column_fad28d-57 > .kt-inside-inner-col{flex-direction:column;}.kadence-column_fad28d-57 > .kt-inside-inner-col > .aligncenter{width:100%;}.kadence-column_fad28d-57 > .kt-inside-inner-col:before{opacity:0.3;}.kadence-column_fad28d-57{position:relative;}@media all and (max-width: 1024px){.kadence-column_fad28d-57 > .kt-inside-inner-col{flex-direction:column;justify-content:center;}}@media all and (max-width: 767px){.kadence-column_fad28d-57 > .kt-inside-inner-col{flex-direction:column;justify-content:center;}}<\/style>\n<div class=\"wp-block-kadence-column inner-column-2 kadence-column_fad28d-57\"><div class=\"kt-inside-inner-col\">\n<p>In practice, the students produce thematic videos, pre-composed in narrative blocks, directly from the platform which guides them throughout the creation process, eliminating the technical constraints linked to editing and scriptwriting. These will be recorded on their smartphone \/ tablet and can be the subject of group work supervised by the teacher. <\/p>\n\n\n\n<p>The video reports produced will address themes centered on culture as experienced by the children themselves: gastronomy, dances, traditions, architecture, visual arts\u2026 Initially, 5 cultural themes will be proposed (\u201cOur school\u201d, \u201cOur games \u201d,\u201c Our food \u201d,\u201c Our nature \u201d,\u201c Our songs \u201d), the classes remaining free to create their own theme. This culture up to the level of children is a support for exchanges that motivates and brings together students from the same class around a common project.<\/p>\n<\/div><\/div>\n<\/div><\/div><\/div>\n\n<p>Cultural themes make it possible to approach societal and identity issues with hindsight and thus to deepen fundamental learning, first of all writing. By making video reports, the students take back these issues by questioning themselves and developing their own thinking. <\/p>\n\n<h2 class=\"has-virtue-primary-color has-text-color wp-block-heading\">Skills acquired through the program <\/h2>\n\n<p>&#8220;Clap!&#8221; uses the interest of younger generations in video creation to bring them together around a common class project. The platform is an educational support that promotes the acquisition of skills: <\/p>\n\n<ul class=\"wp-block-list\">\n<li>Schools: the video reports produced in class are multidisciplinary, they give meaning to the fundamentals and thus facilitate their learning; <\/li>\n\n\n\n<li>Social: students develop their ability to work in a team, their ability to communicate, their oral fluency, their writing ability (particularly audiovisual) and their self-confidence; <\/li>\n\n\n\n<li>Digital: students create meaningful digital content and become aware of their digital identity and responsibilities. <\/li>\n<\/ul>\n\n<h2 class=\"has-virtue-primary-color has-text-color wp-block-heading\">Calendar of exchanges <\/h2>\n\n<p>This digital twinning program addresses 3 main themes:<\/p>\n\n<ul class=\"wp-block-list\">\n<li>Interculturality: Discover my culture<\/li>\n<\/ul>\n\n<p>The classes were led to produce intercultural videos thanks to &#8220;Clap!&#8221; by addressing the gastronomy, dances, traditions, architecture, visual arts, etc., of their country. The latter shared them on eTwinning to present their culture to the participating classes, in the form of a riddle or a presentation.<\/p>\n\n<ul class=\"wp-block-list\">\n<li>Multilingualism: Discover my language<\/li>\n<\/ul>\n\n<p>Based on the children&#8217;s videos, student teachers at PH N\u00d6 developed educational activities to encourage intercomprehension of languages. Before, during and after watching and\/or reading the subtitles, the children were encouraged, through intercomprehension tasks, to make connections between their language of schooling, their family language(s), and the language of the video in order to understand the gist of the text and perhaps some details.<\/p>\n\n<p>In addition, translanguaging tasks encourage children to identify words and phrases that they can use to create new text in their language (s) from the text available in the videos. This will be done through mind mapping, image dictionaries, multilingual storyboards, etc.<\/p>\n\n<ul class=\"wp-block-list\">\n<li>Digital citizenship: Discover my digital citizenship<\/li>\n<\/ul>\n\n<p>Thanks to the resources available on the ODIMET project website, the classes addressed the notion of personal, collective and digital identity through the creation of a common mascot. The objective of this theme is to deepen the students&#8217; critical thinking skills and to help them discover the notion of plural identity.<\/p>\n\n<h2 class=\"has-virtue-primary-color has-text-color wp-block-heading\">The role of teachers in this experiment<\/h2>\n<style>#kt-layout-id_f0c059-9c > .kt-row-column-wrap{align-content:start;}:where(#kt-layout-id_f0c059-9c > .kt-row-column-wrap) > .wp-block-kadence-column{justify-content:start;}#kt-layout-id_f0c059-9c > .kt-row-column-wrap{column-gap:var(--global-kb-gap-md, 2rem);row-gap:var(--global-kb-gap-md, 2rem);padding-top:var( --global-kb-row-default-top, 25px );padding-bottom:var( --global-kb-row-default-bottom, 25px );padding-top:var(--global-kb-spacing-sm, 1.5rem);padding-bottom:var(--global-kb-spacing-sm, 1.5rem);grid-template-columns:minmax(0, 2fr) minmax(0, 1fr);}#kt-layout-id_f0c059-9c > .kt-row-layout-overlay{opacity:0.30;}@media all and (max-width: 1024px){#kt-layout-id_f0c059-9c > .kt-row-column-wrap{grid-template-columns:minmax(0, 2fr) minmax(0, 1fr);}}@media all and (max-width: 767px){#kt-layout-id_f0c059-9c > .kt-row-column-wrap{grid-template-columns:minmax(0, 1fr);}}<\/style>\n<div class=\"wp-block-kadence-rowlayout alignnone\"><div id=\"kt-layout-id_f0c059-9c\" class=\"kt-row-layout-inner kt-layout-id_f0c059-9c\"><div class=\"kt-row-column-wrap kt-has-2-columns kt-gutter-default kt-v-gutter-default kt-row-valign-top kt-row-layout-left-golden kt-tab-layout-inherit kt-m-colapse-left-to-right kt-mobile-layout-row\"><style>.kadence-column_64f1ff-cb > .kt-inside-inner-col{border-top-width:0px;border-right-width:0px;border-bottom-width:0px;border-left-width:0px;}.kadence-column_64f1ff-cb > .kt-inside-inner-col,.kadence-column_64f1ff-cb > .kt-inside-inner-col:before{border-top-left-radius:0px;border-top-right-radius:0px;border-bottom-right-radius:0px;border-bottom-left-radius:0px;}.kadence-column_64f1ff-cb > .kt-inside-inner-col{column-gap:var(--global-kb-gap-sm, 1rem);}.kadence-column_64f1ff-cb > .kt-inside-inner-col{flex-direction:column;}.kadence-column_64f1ff-cb > .kt-inside-inner-col > .aligncenter{width:100%;}.kadence-column_64f1ff-cb > .kt-inside-inner-col:before{opacity:0.3;}.kadence-column_64f1ff-cb{position:relative;}@media all and (max-width: 1024px){.kadence-column_64f1ff-cb > .kt-inside-inner-col{flex-direction:column;justify-content:center;}}@media all and (max-width: 767px){.kadence-column_64f1ff-cb > .kt-inside-inner-col{flex-direction:column;justify-content:center;}}<\/style>\n<div class=\"wp-block-kadence-column inner-column-1 kadence-column_64f1ff-cb\"><div class=\"kt-inside-inner-col\">\n<ul class=\"wp-block-list\">\n<li>Write and produce videos with their class thanks to &#8221; <strong>Clap!<\/strong> &#8221; and the guides made available on the site dedicated to the ODIMET project: test the tool, create content with their class according to the different activities offered, and give their opinion on this work. <\/li>\n\n\n\n<li>Share their videos via <a href=\"https:\/\/live.etwinning.net\/projects\/project\/335265\" data-type=\"URL\" data-id=\"https:\/\/live.etwinning.net\/projects\/project\/335265\">eTwinning<\/a> .<\/li>\n\n\n\n<li>Give their overall feedback at the end of the exchange: pupils&#8217; reactions, obstacles, opportunities.<\/li>\n<\/ul>\n<\/div><\/div>\n\n\n<style>.kadence-column_25dbaf-37 > .kt-inside-inner-col{border-top-width:0px;border-right-width:0px;border-bottom-width:0px;border-left-width:0px;}.kadence-column_25dbaf-37 > .kt-inside-inner-col,.kadence-column_25dbaf-37 > .kt-inside-inner-col:before{border-top-left-radius:0px;border-top-right-radius:0px;border-bottom-right-radius:0px;border-bottom-left-radius:0px;}.kadence-column_25dbaf-37 > .kt-inside-inner-col{column-gap:var(--global-kb-gap-sm, 1rem);}.kadence-column_25dbaf-37 > .kt-inside-inner-col{flex-direction:column;}.kadence-column_25dbaf-37 > .kt-inside-inner-col > .aligncenter{width:100%;}.kadence-column_25dbaf-37 > .kt-inside-inner-col:before{opacity:0.3;}.kadence-column_25dbaf-37{position:relative;}@media all and (max-width: 1024px){.kadence-column_25dbaf-37 > .kt-inside-inner-col{flex-direction:column;justify-content:center;}}@media all and (max-width: 767px){.kadence-column_25dbaf-37 > .kt-inside-inner-col{flex-direction:column;justify-content:center;}}<\/style>\n<div class=\"wp-block-kadence-column inner-column-2 kadence-column_25dbaf-37\"><div class=\"kt-inside-inner-col\">\n<figure class=\"wp-block-image size-full is-resized\"><img loading=\"lazy\" decoding=\"async\" src=\"https:\/\/odimet.eu\/wp-content\/uploads\/2021\/10\/Smartphone.png\" alt=\"\" class=\"wp-image-506\" width=\"214\" height=\"297\" srcset=\"https:\/\/odimet.eu\/wp-content\/uploads\/2021\/10\/Smartphone.png 368w, https:\/\/odimet.eu\/wp-content\/uploads\/2021\/10\/Smartphone-216x300.png 216w\" sizes=\"auto, (max-width: 214px) 100vw, 214px\" \/><\/figure>\n<\/div><\/div>\n<\/div><\/div><\/div>\n\n<p>The translation of the ODIMET website is generated automatically. As a result, it does not always respect the rules of spelling or grammar. Also, the choice of automatically generated words may seem strange. We apologize for any inconsistencies in translation that may occur.<\/p>\n","protected":false},"excerpt":{"rendered":"<p>Within the framework of a European project entitled ODIMET, the association Par Le Monde, the University of Education of Lower Austria (P\u00e4dagogische Hochschule Nieder\u00f6sterreich or PH N\u00d6) and the company Wemanity, provided the European teaching community with a concrete set &hellip; <a class=\"kt-excerpt-readmore\" href=\"https:\/\/odimet.eu\/en\/\" aria-label=\"About ODIMET\">Read More<\/a><\/p>\n","protected":false},"author":5081,"featured_media":0,"parent":0,"menu_order":0,"comment_status":"closed","ping_status":"closed","template":"","meta":{"kt_blocks_editor_width":"","footnotes":""},"class_list":["post-423","page","type-page","status-publish","hentry"],"_links":{"self":[{"href":"https:\/\/odimet.eu\/en\/wp-json\/wp\/v2\/pages\/423","targetHints":{"allow":["GET"]}}],"collection":[{"href":"https:\/\/odimet.eu\/en\/wp-json\/wp\/v2\/pages"}],"about":[{"href":"https:\/\/odimet.eu\/en\/wp-json\/wp\/v2\/types\/page"}],"author":[{"embeddable":true,"href":"https:\/\/odimet.eu\/en\/wp-json\/wp\/v2\/users\/5081"}],"replies":[{"embeddable":true,"href":"https:\/\/odimet.eu\/en\/wp-json\/wp\/v2\/comments?post=423"}],"version-history":[{"count":31,"href":"https:\/\/odimet.eu\/en\/wp-json\/wp\/v2\/pages\/423\/revisions"}],"predecessor-version":[{"id":18202,"href":"https:\/\/odimet.eu\/en\/wp-json\/wp\/v2\/pages\/423\/revisions\/18202"}],"wp:attachment":[{"href":"https:\/\/odimet.eu\/en\/wp-json\/wp\/v2\/media?parent=423"}],"curies":[{"name":"wp","href":"https:\/\/api.w.org\/{rel}","templated":true}]}}