{"id":16236,"date":"2022-04-08T16:07:31","date_gmt":"2022-04-08T14:07:31","guid":{"rendered":"https:\/\/odimet.eu\/?page_id=16236"},"modified":"2022-04-12T11:49:49","modified_gmt":"2022-04-12T09:49:49","slug":"guides-pedagogiques","status":"publish","type":"page","link":"https:\/\/odimet.eu\/fr\/guides-pedagogiques\/","title":{"rendered":"Ressources produites"},"content":{"rendered":"\n<p>Dans le cadre de ce projet ODIMET, 3 th\u00e9matiques ont \u00e9t\u00e9 approfondies par le biais d&#8217;activit\u00e9s \u00e0 mettre en place en classe, d\u00e9taill\u00e9es dans des guides m\u00e9thodologiques et p\u00e9dagogiques \u00e9tablis par les trois partenaires europ\u00e9ens.<\/p>\n\n\n\n<p>Ces 3 th\u00e9matiques abordent : <\/p>\n\n\n\n<ul class=\"wp-block-list\"><li>L&#8217;interculturalit\u00e9 <\/li><li>Le multilinguisme<\/li><li>La citoyennet\u00e9 num\u00e9rique<\/li><\/ul>\n\n\n\n<p>Pour chaque th\u00e9matique, plusieurs activit\u00e9s sont propos\u00e9es et d\u00e9taill\u00e9es \u00e0 travers des instructions pr\u00e9cises et accompagn\u00e9es de 3 guides qui regroupent des conseils pour apprendre \u00e0 : <\/p>\n\n\n\n<ul class=\"wp-block-list\"><li>Filmer avec sa classe <\/li><li>Utiliser &#8220;Clap!&#8221; <\/li><li>Se lancer dans le montage<\/li><\/ul>\n","protected":false},"excerpt":{"rendered":"<p>Dans le cadre de ce projet ODIMET, 3 th\u00e9matiques ont \u00e9t\u00e9 approfondies par le biais d&#8217;activit\u00e9s \u00e0 mettre en place en classe, d\u00e9taill\u00e9es dans des guides m\u00e9thodologiques et p\u00e9dagogiques \u00e9tablis par les trois partenaires europ\u00e9ens. Ces 3 th\u00e9matiques abordent : &hellip; <a class=\"kt-excerpt-readmore\" href=\"https:\/\/odimet.eu\/fr\/guides-pedagogiques\/\" aria-label=\"Ressources produites\">Lire la suite<\/a><\/p>\n","protected":false},"author":5081,"featured_media":0,"parent":0,"menu_order":0,"comment_status":"closed","ping_status":"closed","template":"","meta":{"kt_blocks_editor_width":"","footnotes":""},"class_list":["post-16236","page","type-page","status-publish","hentry"],"_links":{"self":[{"href":"https:\/\/odimet.eu\/fr\/wp-json\/wp\/v2\/pages\/16236","targetHints":{"allow":["GET"]}}],"collection":[{"href":"https:\/\/odimet.eu\/fr\/wp-json\/wp\/v2\/pages"}],"about":[{"href":"https:\/\/odimet.eu\/fr\/wp-json\/wp\/v2\/types\/page"}],"author":[{"embeddable":true,"href":"https:\/\/odimet.eu\/fr\/wp-json\/wp\/v2\/users\/5081"}],"replies":[{"embeddable":true,"href":"https:\/\/odimet.eu\/fr\/wp-json\/wp\/v2\/comments?post=16236"}],"version-history":[{"count":3,"href":"https:\/\/odimet.eu\/fr\/wp-json\/wp\/v2\/pages\/16236\/revisions"}],"predecessor-version":[{"id":16297,"href":"https:\/\/odimet.eu\/fr\/wp-json\/wp\/v2\/pages\/16236\/revisions\/16297"}],"wp:attachment":[{"href":"https:\/\/odimet.eu\/fr\/wp-json\/wp\/v2\/media?parent=16236"}],"curies":[{"name":"wp","href":"https:\/\/api.w.org\/{rel}","templated":true}]}}