{"id":16241,"date":"2022-04-08T16:21:11","date_gmt":"2022-04-08T14:21:11","guid":{"rendered":"https:\/\/odimet.eu\/?page_id=16241"},"modified":"2022-04-12T11:46:12","modified_gmt":"2022-04-12T09:46:12","slug":"revue-de-presse","status":"publish","type":"page","link":"https:\/\/odimet.eu\/fr\/revue-de-presse\/","title":{"rendered":"Revue de presse"},"content":{"rendered":"\n<p>Un grand merci au <a href=\"https:\/\/www.france-education-international.fr\/belc\" data-type=\"URL\" data-id=\"https:\/\/www.france-education-international.fr\/belc\">BELC,<\/a> les m\u00e9tiers du fran\u00e7ais dans le monde, centre de formation du<a href=\"https:\/\/www.france-education-international.fr\/\" data-type=\"URL\" data-id=\"https:\/\/www.france-education-international.fr\/\"> FEI <\/a>(France \u00c9ducation International) d&#8217;avoir relay\u00e9 les r\u00e9sultats de la premi\u00e8re ann\u00e9e du projet ODIMET sur ses r\u00e9seaux sociaux.<\/p>\n\n\n<style>.kb-image_4f8005-f3 .kb-image-has-overlay:after{opacity:0.3;}<\/style>\n<figure class=\"wp-block-kadence-image kb-image_4f8005-f3 size-large\"><a href=\"https:\/\/www.instagram.com\/p\/CbXFIDMgD2u\/?utm_source=ig_web_copy_link\" class=\"kb-advanced-image-link\"><img loading=\"lazy\" decoding=\"async\" width=\"1024\" height=\"556\" src=\"https:\/\/odimet.eu\/wp-content\/uploads\/sites\/26\/2022\/04\/Capture-de\u0301cran-2022-04-12-a\u0300-11.33.11-1024x556.png\" alt=\"\" class=\"kb-img wp-image-16287\" srcset=\"https:\/\/odimet.eu\/wp-content\/uploads\/2022\/04\/Capture-de\u0301cran-2022-04-12-a\u0300-11.33.11-1024x556.png 1024w, https:\/\/odimet.eu\/wp-content\/uploads\/2022\/04\/Capture-de\u0301cran-2022-04-12-a\u0300-11.33.11-300x163.png 300w, https:\/\/odimet.eu\/wp-content\/uploads\/2022\/04\/Capture-de\u0301cran-2022-04-12-a\u0300-11.33.11-768x417.png 768w, https:\/\/odimet.eu\/wp-content\/uploads\/2022\/04\/Capture-de\u0301cran-2022-04-12-a\u0300-11.33.11-1536x834.png 1536w, https:\/\/odimet.eu\/wp-content\/uploads\/2022\/04\/Capture-de\u0301cran-2022-04-12-a\u0300-11.33.11.png 1956w\" sizes=\"auto, (max-width: 1024px) 100vw, 1024px\" \/><\/a><\/figure>\n\n\n\n<figure class=\"wp-block-image size-large\"><a href=\"https:\/\/www.linkedin.com\/feed\/update\/urn:li:activity:6909887911089856512\"><img loading=\"lazy\" decoding=\"async\" width=\"870\" height=\"1024\" src=\"https:\/\/odimet.eu\/wp-content\/uploads\/sites\/26\/2022\/04\/Capture-de\u0301cran-2022-04-12-a\u0300-11.37.49-870x1024.png\" alt=\"\" class=\"wp-image-16290\" srcset=\"https:\/\/odimet.eu\/wp-content\/uploads\/2022\/04\/Capture-de\u0301cran-2022-04-12-a\u0300-11.37.49-870x1024.png 870w, https:\/\/odimet.eu\/wp-content\/uploads\/2022\/04\/Capture-de\u0301cran-2022-04-12-a\u0300-11.37.49-255x300.png 255w, https:\/\/odimet.eu\/wp-content\/uploads\/2022\/04\/Capture-de\u0301cran-2022-04-12-a\u0300-11.37.49-768x904.png 768w, https:\/\/odimet.eu\/wp-content\/uploads\/2022\/04\/Capture-de\u0301cran-2022-04-12-a\u0300-11.37.49.png 1292w\" sizes=\"auto, (max-width: 870px) 100vw, 870px\" \/><\/a><\/figure>\n\n\n\n<p><a href=\"https:\/\/www.facebook.com\/belcfei\/photos\/a.260946624029264\/3519430784847482\/\">Facebook<\/a>\u00a0\/\u00a0<a rel=\"noreferrer noopener\" href=\"https:\/\/twitter.com\/belcfei\/status\/1505822861415653376?s=20&amp;t=yl8xa2nlhESeKTNwISH4yg\" target=\"_blank\">Twitter<\/a><\/p>\n\n\n\n<p>D&#8217;autre part, nous avons relay\u00e9 les premiers r\u00e9sultats du projet sur les r\u00e9seaux sociaux de Par Le Monde, notamment sur <a href=\"https:\/\/www.linkedin.com\/company\/par-le-monde\/posts\/?feedView=all\" data-type=\"URL\" data-id=\"https:\/\/www.linkedin.com\/company\/par-le-monde\/posts\/?feedView=all\">Linkedin<\/a><\/p>\n","protected":false},"excerpt":{"rendered":"<p>Un grand merci au BELC, les m\u00e9tiers du fran\u00e7ais dans le monde, centre de formation du FEI (France \u00c9ducation International) d&#8217;avoir relay\u00e9 les r\u00e9sultats de la premi\u00e8re ann\u00e9e du projet ODIMET sur ses r\u00e9seaux sociaux. Facebook\u00a0\/\u00a0Twitter D&#8217;autre part, nous avons &hellip; <a class=\"kt-excerpt-readmore\" href=\"https:\/\/odimet.eu\/fr\/revue-de-presse\/\" aria-label=\"Revue de presse\">Lire la suite<\/a><\/p>\n","protected":false},"author":5081,"featured_media":0,"parent":0,"menu_order":0,"comment_status":"closed","ping_status":"closed","template":"","meta":{"kt_blocks_editor_width":"","footnotes":""},"class_list":["post-16241","page","type-page","status-publish","hentry"],"_links":{"self":[{"href":"https:\/\/odimet.eu\/fr\/wp-json\/wp\/v2\/pages\/16241","targetHints":{"allow":["GET"]}}],"collection":[{"href":"https:\/\/odimet.eu\/fr\/wp-json\/wp\/v2\/pages"}],"about":[{"href":"https:\/\/odimet.eu\/fr\/wp-json\/wp\/v2\/types\/page"}],"author":[{"embeddable":true,"href":"https:\/\/odimet.eu\/fr\/wp-json\/wp\/v2\/users\/5081"}],"replies":[{"embeddable":true,"href":"https:\/\/odimet.eu\/fr\/wp-json\/wp\/v2\/comments?post=16241"}],"version-history":[{"count":3,"href":"https:\/\/odimet.eu\/fr\/wp-json\/wp\/v2\/pages\/16241\/revisions"}],"predecessor-version":[{"id":16294,"href":"https:\/\/odimet.eu\/fr\/wp-json\/wp\/v2\/pages\/16241\/revisions\/16294"}],"wp:attachment":[{"href":"https:\/\/odimet.eu\/fr\/wp-json\/wp\/v2\/media?parent=16241"}],"curies":[{"name":"wp","href":"https:\/\/api.w.org\/{rel}","templated":true}]}}