{"id":16243,"date":"2022-04-08T16:24:25","date_gmt":"2022-04-08T14:24:25","guid":{"rendered":"https:\/\/odimet.eu\/?page_id=16243"},"modified":"2023-02-27T12:06:58","modified_gmt":"2023-02-27T11:06:58","slug":"evenements-de-dissemination","status":"publish","type":"page","link":"https:\/\/odimet.eu\/fr\/evenements-de-dissemination\/","title":{"rendered":"\u00c9v\u00e8nements de diss\u00e9mination"},"content":{"rendered":"\n<h2 class=\"wp-block-heading\">2021-2022<\/h2>\n\n\n\n<p>Afin de diffuser au plus grand nombre les productions r\u00e9alis\u00e9es lors de la premi\u00e8re ann\u00e9e de ce projet, nous avons rassembl\u00e9 des<strong> Enseignants pour les Ressources et les Usages Num\u00e9riques de Besan\u00e7on (eRUN)<\/strong>, des futurs enseignants en <strong>formation continu\u00e9<\/strong> de l&#8217;<strong>acad\u00e9mie de Besan\u00e7on<\/strong> (s&#8217;inscrit dans la prolongation de la formation initiale, pour des n\u00e9o-titulaires) mais aussi des \u00e9tudiants en voie de devenir des <strong>\u00e9ducateurs sp\u00e9cialis\u00e9s<\/strong> de l&#8217;EFPP (\u00c9cole de Formation de Pyscho P\u00e9dagogique), pour leur pr\u00e9senter les outils d\u00e9velopp\u00e9s jusqu&#8217;\u00e0 pr\u00e9sent. <\/p>\n\n\n\n<figure class=\"wp-block-image size-full\"><img loading=\"lazy\" decoding=\"async\" width=\"154\" height=\"88\" src=\"https:\/\/odimet.eu\/wp-content\/uploads\/2023\/02\/logo-efpp.png\" alt=\"\" class=\"wp-image-17746\"\/><\/figure>\n\n\n\n<figure class=\"wp-block-image size-full\"><img loading=\"lazy\" decoding=\"async\" width=\"294\" height=\"81\" src=\"https:\/\/odimet.eu\/wp-content\/uploads\/2023\/02\/Besancon.png\" alt=\"\" class=\"wp-image-17749\"\/><\/figure>\n\n\n\n<p>Ils ont alors d\u00e9couverts les deux productions intellectuelles d\u00e9velopp\u00e9es lors de cette premi\u00e8re ann\u00e9e : une bo\u00eete \u00e0 outils leur permettant de se lancer dans un programme de correspondances num\u00e9riques compos\u00e9e notamment de l&#8217;outil d&#8217;aide \u00e0 l&#8217;\u00e9criture audiovisuelle &#8220;Clap!&#8221; mais aussi les premi\u00e8res activit\u00e9s autour de l&#8217;interculturalit\u00e9.<\/p>\n\n\n\n<p>Ce projet leur a \u00e9t\u00e9 pr\u00e9sent\u00e9 sous plusieurs formes : en visioconf\u00e9rence mais aussi en pr\u00e9sentiel, sous la forme d&#8217;une conf\u00e9rence film\u00e9e, pour la rendre disponible aux participants \u00e9trangers.<\/p>\n\n\n\n<p>Voici l&#8217;intervention d\u00e9di\u00e9e aux <strong>enseignants en formation continu\u00e9 de l&#8217;Acad\u00e9mie de Besan\u00e7on<\/strong> qui pr\u00e9sente donc ces deux premi\u00e8res productions intellectuelles : <\/p>\n\n\n\n<figure class=\"wp-block-embed is-type-video is-provider-youtube wp-block-embed-youtube wp-embed-aspect-16-9 wp-has-aspect-ratio\"><div class=\"wp-block-embed__wrapper\">\n<iframe loading=\"lazy\" title=\"2022 - \u00c9v\u00e8nement de diss\u00e9mination - ODIMET - IO1 &amp; IO3\" width=\"1140\" height=\"641\" src=\"https:\/\/www.youtube.com\/embed\/mD0YoRdJNXU?feature=oembed\" frameborder=\"0\" allow=\"accelerometer; autoplay; clipboard-write; encrypted-media; gyroscope; picture-in-picture; web-share\" allowfullscreen><\/iframe>\n<\/div><\/figure>\n\n\n\n<figure class=\"wp-block-image size-large\"><img loading=\"lazy\" decoding=\"async\" width=\"1024\" height=\"768\" src=\"https:\/\/odimet.eu\/wp-content\/uploads\/2023\/02\/20230125_113640-1024x768.jpg\" alt=\"\" class=\"wp-image-17774\" srcset=\"https:\/\/odimet.eu\/wp-content\/uploads\/2023\/02\/20230125_113640-1024x768.jpg 1024w, https:\/\/odimet.eu\/wp-content\/uploads\/2023\/02\/20230125_113640-300x225.jpg 300w, https:\/\/odimet.eu\/wp-content\/uploads\/2023\/02\/20230125_113640-768x576.jpg 768w, https:\/\/odimet.eu\/wp-content\/uploads\/2023\/02\/20230125_113640-1536x1152.jpg 1536w, https:\/\/odimet.eu\/wp-content\/uploads\/2023\/02\/20230125_113640-2048x1536.jpg 2048w, https:\/\/odimet.eu\/wp-content\/uploads\/2023\/02\/20230125_113640-320x240.jpg 320w, https:\/\/odimet.eu\/wp-content\/uploads\/2023\/02\/20230125_113640-800x600.jpg 800w\" sizes=\"auto, (max-width: 1024px) 100vw, 1024px\" \/><figcaption class=\"wp-element-caption\">Intervention aupr\u00e8s de futurs \u00c9ducateurs.rices sp\u00e9cialis\u00e9s.es<\/figcaption><\/figure>\n\n\n\n<p>Voici \u00e9galement la formation enregistr\u00e9e d\u00e9di\u00e9e aux <strong>eRUN<\/strong> :<\/p>\n\n\n\n<p><\/p>\n\n\n\n<figure class=\"wp-block-embed is-type-video is-provider-youtube wp-block-embed-youtube wp-embed-aspect-16-9 wp-has-aspect-ratio\"><div class=\"wp-block-embed__wrapper\">\n<iframe loading=\"lazy\" title=\"\u00c9v\u00e8nement de diss\u00e9mination ERUN\" width=\"1140\" height=\"641\" src=\"https:\/\/www.youtube.com\/embed\/n8oFD48nUgM?feature=oembed\" frameborder=\"0\" allow=\"accelerometer; autoplay; clipboard-write; encrypted-media; gyroscope; picture-in-picture; web-share\" allowfullscreen><\/iframe>\n<\/div><\/figure>\n\n\n\n<h2 class=\"wp-block-heading\">2022-2023<\/h2>\n\n\n\n<p>Afin de cl\u00f4turer les deux ann\u00e9es du projet ODIMET, nous avons organis\u00e9 un \u00e9v\u00e8nement de diss\u00e9mination globale en Autriche, au sein de l&#8217;universit\u00e9 PH N\u00d6 le<strong> 2 f\u00e9vrier 2023<\/strong> en y conviant les enseignants fran\u00e7ais, belges et autrichiens ayant pris part aux \u00e9changes au cours des deux ann\u00e9es, afin qu&#8217;ils t\u00e9moignent de leur exp\u00e9rience aupr\u00e8s d&#8217;autres enseignantes int\u00e9ress\u00e9s par le projet.<\/p>\n\n\n\n<figure class=\"wp-block-image size-large\"><img loading=\"lazy\" decoding=\"async\" width=\"1024\" height=\"768\" src=\"https:\/\/odimet.eu\/wp-content\/uploads\/2023\/02\/20230202_150432-1024x768.jpg\" alt=\"\" class=\"wp-image-17771\" srcset=\"https:\/\/odimet.eu\/wp-content\/uploads\/2023\/02\/20230202_150432-1024x768.jpg 1024w, https:\/\/odimet.eu\/wp-content\/uploads\/2023\/02\/20230202_150432-300x225.jpg 300w, https:\/\/odimet.eu\/wp-content\/uploads\/2023\/02\/20230202_150432-768x576.jpg 768w, https:\/\/odimet.eu\/wp-content\/uploads\/2023\/02\/20230202_150432-1536x1152.jpg 1536w, https:\/\/odimet.eu\/wp-content\/uploads\/2023\/02\/20230202_150432-2048x1536.jpg 2048w, https:\/\/odimet.eu\/wp-content\/uploads\/2023\/02\/20230202_150432-320x240.jpg 320w, https:\/\/odimet.eu\/wp-content\/uploads\/2023\/02\/20230202_150432-800x600.jpg 800w\" sizes=\"auto, (max-width: 1024px) 100vw, 1024px\" \/><figcaption class=\"wp-element-caption\">Discours de lancement de l&#8217;\u00e9v\u00e8nement d&#8217;Edda Polz (Vice Rectrice pour la Recherche et le D\u00e9veloppement Universitaire)<\/figcaption><\/figure>\n\n\n\n<p>Veuillez trouver ci-dessous, la retranscription vid\u00e9o de cet \u00e9v\u00e8nement :<\/p>\n\n\n\n<figure class=\"wp-block-embed is-type-video is-provider-youtube wp-block-embed-youtube wp-embed-aspect-4-3 wp-has-aspect-ratio\"><div class=\"wp-block-embed__wrapper\">\n<iframe loading=\"lazy\" title=\"Dissemination event - ODIMET - february 2022\" width=\"1140\" height=\"855\" src=\"https:\/\/www.youtube.com\/embed\/JpsEH-etl5g?feature=oembed\" frameborder=\"0\" allow=\"accelerometer; autoplay; clipboard-write; encrypted-media; gyroscope; picture-in-picture; web-share\" allowfullscreen><\/iframe>\n<\/div><\/figure>\n\n\n\n<p>Ci-dessous, vous pouvez t\u00e9l\u00e9charger les ressources pr\u00e9sent\u00e9es lors de cette journ\u00e9e principalement celles autour du multilinguisme d\u00e9taill\u00e9es ce jour-l\u00e0. <\/p>\n\n\n\n<p>Pour les autres ressources autour de la citoyennet\u00e9 num\u00e9rique et l&#8217;interculturalit\u00e9, n&#8217;h\u00e9sitez pas \u00e0 consulter les onglets d\u00e9di\u00e9s dans &#8220;Ressources produites&#8221; puis &#8220;T\u00e9l\u00e9chargement&#8221;.<\/p>\n\n\n\n<div class=\"row\"><\/div>\n\n\n<div class=\"col-md-6  \">\n<h3>Multilingual activities-AU<\/h3>\n<aside\n\tclass=\"download-box\">\n\n\t<img loading=\"lazy\" decoding=\"async\" width=\"900\" height=\"1600\" src=\"https:\/\/odimet.eu\/wp-content\/uploads\/rtMedia\/users\/5670\/2023\/01\/Foto-3.jpg\" class=\"attachment-full size-full wp-post-image\" alt=\"\">\n\t<div\n\t\tclass=\"download-count\">923 t\u00e9l\u00e9chargements<\/div>\n\n\t<div\n\t\tclass=\"download-box-content\">\n\n\t\t<h1>Multilingual-activities-German<\/h1>\n\n\t\t\t\t\t\t<a  data-e-Disable-Page-Transition=\"true\" class=\"download-link download-button\" title=\"\" href=\"https:\/\/odimet.eu\/fr\/download\/17786\/?tmstv=1775949728\" rel=\"nofollow\" id=\"download-link-17786\" data-redirect=\"false\" >\n\t\t\tT\u00e9l\u00e9charger le fichier\t\t\t<small>Multilingual-activites-German.pdf\t\t\t\t&ndash; 20,84 Mo<\/small>\n\t\t<\/a>\n\t\t\t<\/div>\n<\/aside>\n\n\n<\/div>\n\n\n\n<div class=\"row\"><\/div>\n\n\n\n<div class=\"row\"><\/div>\n\n\n<div class=\"col-md-6  \">\n<h3>Multilingual activities-EN<\/h3>\n<aside\n\tclass=\"download-box\">\n\n\t<img loading=\"lazy\" decoding=\"async\" width=\"2048\" height=\"1369\" src=\"https:\/\/odimet.eu\/wp-content\/uploads\/2023\/01\/tim-gouw-KigTvXqetXA-unsplash.jpg\" class=\"attachment-full size-full wp-post-image\" alt=\"\">\n\t<div\n\t\tclass=\"download-count\">1487 t\u00e9l\u00e9chargements<\/div>\n\n\t<div\n\t\tclass=\"download-box-content\">\n\n\t\t<h1>Multilingual-activities-EN<\/h1>\n\n\t\t\t\t\t\t<a  data-e-Disable-Page-Transition=\"true\" class=\"download-link download-button\" title=\"\" href=\"https:\/\/odimet.eu\/fr\/download\/17690\/?tmstv=1775949728\" rel=\"nofollow\" id=\"download-link-17690\" data-redirect=\"false\" >\n\t\t\tT\u00e9l\u00e9charger le fichier\t\t\t<small>Multilingual-activities-EN.pdf\t\t\t\t&ndash; 1,42 Mo<\/small>\n\t\t<\/a>\n\t\t\t<\/div>\n<\/aside>\n\n\n<\/div>\n\n\n\n<div class=\"row\"><\/div>\n\n\n\n<div class=\"row\"><\/div>\n\n\n<div class=\"col-md-6  \">\n<h3>Multilingual activities-FR<\/h3>\n<aside\n\tclass=\"download-box\">\n\n\t<img loading=\"lazy\" decoding=\"async\" width=\"2048\" height=\"1369\" src=\"https:\/\/odimet.eu\/wp-content\/uploads\/2023\/01\/tim-gouw-KigTvXqetXA-unsplash.jpg\" class=\"attachment-full size-full wp-post-image\" alt=\"\">\n\t<div\n\t\tclass=\"download-count\">1214 t\u00e9l\u00e9chargements<\/div>\n\n\t<div\n\t\tclass=\"download-box-content\">\n\n\t\t<h1>Activites-multilingues-FR<\/h1>\n\n\t\t\t\t\t\t<a  data-e-Disable-Page-Transition=\"true\" class=\"download-link download-button\" title=\"\" href=\"https:\/\/odimet.eu\/fr\/download\/17685\/?tmstv=1775949728\" rel=\"nofollow\" id=\"download-link-17685\" data-redirect=\"false\" >\n\t\t\tT\u00e9l\u00e9charger le fichier\t\t\t<small>Activites-multilingues-FR.pdf\t\t\t\t&ndash; 935,18 Ko<\/small>\n\t\t<\/a>\n\t\t\t<\/div>\n<\/aside>\n\n\n<\/div>\n\n\n\n<div class=\"row\"><\/div>\n\n\n\n<p>La traduction du site web ODIMET est g\u00e9n\u00e9r\u00e9e automatiquement. Par cons\u00e9quent, elle ne respecte pas toujours les r\u00e8gles d&#8217;orthographe ou de grammaire. De m\u00eame, le choix des mots g\u00e9n\u00e9r\u00e9s automatiquement peut sembler \u00e9trange. Nous nous excusons pour ces incoh\u00e9rences de traduction qui peuvent donc appara\u00eetre. <\/p>\n","protected":false},"excerpt":{"rendered":"<p>2021-2022 Afin de diffuser au plus grand nombre les productions r\u00e9alis\u00e9es lors de la premi\u00e8re ann\u00e9e de ce projet, nous avons rassembl\u00e9 des Enseignants pour les Ressources et les Usages Num\u00e9riques de Besan\u00e7on (eRUN), des futurs enseignants en formation continu\u00e9 &hellip; <a class=\"kt-excerpt-readmore\" href=\"https:\/\/odimet.eu\/fr\/evenements-de-dissemination\/\" aria-label=\"\u00c9v\u00e8nements de diss\u00e9mination\">Lire la suite<\/a><\/p>\n","protected":false},"author":5081,"featured_media":16319,"parent":0,"menu_order":0,"comment_status":"closed","ping_status":"closed","template":"","meta":{"kt_blocks_editor_width":"","footnotes":""},"class_list":["post-16243","page","type-page","status-publish","has-post-thumbnail","hentry"],"_links":{"self":[{"href":"https:\/\/odimet.eu\/fr\/wp-json\/wp\/v2\/pages\/16243","targetHints":{"allow":["GET"]}}],"collection":[{"href":"https:\/\/odimet.eu\/fr\/wp-json\/wp\/v2\/pages"}],"about":[{"href":"https:\/\/odimet.eu\/fr\/wp-json\/wp\/v2\/types\/page"}],"author":[{"embeddable":true,"href":"https:\/\/odimet.eu\/fr\/wp-json\/wp\/v2\/users\/5081"}],"replies":[{"embeddable":true,"href":"https:\/\/odimet.eu\/fr\/wp-json\/wp\/v2\/comments?post=16243"}],"version-history":[{"count":23,"href":"https:\/\/odimet.eu\/fr\/wp-json\/wp\/v2\/pages\/16243\/revisions"}],"predecessor-version":[{"id":17986,"href":"https:\/\/odimet.eu\/fr\/wp-json\/wp\/v2\/pages\/16243\/revisions\/17986"}],"wp:featuredmedia":[{"embeddable":true,"href":"https:\/\/odimet.eu\/fr\/wp-json\/wp\/v2\/media\/16319"}],"wp:attachment":[{"href":"https:\/\/odimet.eu\/fr\/wp-json\/wp\/v2\/media?parent=16243"}],"curies":[{"name":"wp","href":"https:\/\/api.w.org\/{rel}","templated":true}]}}