{"id":16245,"date":"2022-04-08T16:26:27","date_gmt":"2022-04-08T14:26:27","guid":{"rendered":"https:\/\/odimet.eu\/?page_id=16245"},"modified":"2023-03-10T15:27:23","modified_gmt":"2023-03-10T14:27:23","slug":"temoignages","status":"publish","type":"page","link":"https:\/\/odimet.eu\/fr\/temoignages\/","title":{"rendered":"T\u00e9moignages"},"content":{"rendered":"\n<blockquote class=\"wp-block-quote is-layout-flow wp-block-quote-is-layout-flow\">\n<p>&#8220;Bravo ! Des propositions pens\u00e9es et fournies\u2192 un suivi organisationnel, des pr\u00e9textes motivants, une valorisation des productions, des m\u00e9thodes, des documents d&#8217;accompagnement, des outils en ligne\u2026&#8221; un Enseignant pour les Ressources et les Usages Num\u00e9riques\u00a0ayant particip\u00e9 \u00e0 un \u00e9v\u00e8nement de diss\u00e9mination sur la 1\u00e8re ann\u00e9e de travail du projet ODIMET.<\/p>\n\n\n\n<div class=\"row\"><\/div>\n\n\n\n<p>\u201cConcernant le retour de ce projet il a \u00e9t\u00e9\u00a0 enrichissant au niveau des enfants au niveau du travail qu&#8217;on a pu faire au niveau des activit\u00e9s langagi\u00e8res et de la d\u00e9couverte des partenaires. Nous avons appr\u00e9ci\u00e9 de travailler avec \u201cClap!\u201d, enseignante fran\u00e7aise ayant pris part \u00e0 la 1\u00e8re ann\u00e9e du projet ODIMET. <\/p>\n<\/blockquote>\n","protected":false},"excerpt":{"rendered":"<p>&#8220;Bravo ! Des propositions pens\u00e9es et fournies\u2192 un suivi organisationnel, des pr\u00e9textes motivants, une valorisation des productions, des m\u00e9thodes, des documents d&#8217;accompagnement, des outils en ligne\u2026&#8221; un Enseignant pour les Ressources et les Usages Num\u00e9riques\u00a0ayant particip\u00e9 \u00e0 un \u00e9v\u00e8nement de &hellip; <a class=\"kt-excerpt-readmore\" href=\"https:\/\/odimet.eu\/fr\/temoignages\/\" aria-label=\"T\u00e9moignages\">Lire la suite<\/a><\/p>\n","protected":false},"author":5081,"featured_media":0,"parent":0,"menu_order":0,"comment_status":"closed","ping_status":"closed","template":"","meta":{"kt_blocks_editor_width":"","footnotes":""},"class_list":["post-16245","page","type-page","status-publish","hentry"],"_links":{"self":[{"href":"https:\/\/odimet.eu\/fr\/wp-json\/wp\/v2\/pages\/16245","targetHints":{"allow":["GET"]}}],"collection":[{"href":"https:\/\/odimet.eu\/fr\/wp-json\/wp\/v2\/pages"}],"about":[{"href":"https:\/\/odimet.eu\/fr\/wp-json\/wp\/v2\/types\/page"}],"author":[{"embeddable":true,"href":"https:\/\/odimet.eu\/fr\/wp-json\/wp\/v2\/users\/5081"}],"replies":[{"embeddable":true,"href":"https:\/\/odimet.eu\/fr\/wp-json\/wp\/v2\/comments?post=16245"}],"version-history":[{"count":6,"href":"https:\/\/odimet.eu\/fr\/wp-json\/wp\/v2\/pages\/16245\/revisions"}],"predecessor-version":[{"id":18056,"href":"https:\/\/odimet.eu\/fr\/wp-json\/wp\/v2\/pages\/16245\/revisions\/18056"}],"wp:attachment":[{"href":"https:\/\/odimet.eu\/fr\/wp-json\/wp\/v2\/media?parent=16245"}],"curies":[{"name":"wp","href":"https:\/\/api.w.org\/{rel}","templated":true}]}}