{"id":2,"date":"2021-10-04T14:33:39","date_gmt":"2021-10-04T12:33:39","guid":{"rendered":"http:\/\/odimet.parlemonde.org\/?page_id=2"},"modified":"2022-05-04T14:27:12","modified_gmt":"2022-05-04T12:27:12","slug":"page-d-exemple","status":"publish","type":"page","link":"https:\/\/odimet.eu\/fr\/page-d-exemple\/","title":{"rendered":"D\u00e9couvre ma culture"},"content":{"rendered":"\n<p>L\u2019objectif de ce projet est de vous permettre de vous lancer dans une correspondance num\u00e9rique et de faire ainsi d\u00e9couvrir votre culture et votre langue aux \u00e9l\u00e8ves avec qui vous \u00e9changerez, via la production de vid\u00e9os, facilit\u00e9e par l\u2019outil &#8220;<strong>Clap!&#8221;,<\/strong> et de travailler sur la notion de citoyennet\u00e9 num\u00e9rique.<\/p>\n\n\n\n<p>Pour embarquer avec nous dans cette aventure, nous vous proposons tout d&#8217;abord de d\u00e9couvrir dans cet onglet, plusieurs activit\u00e9s \u00e0 r\u00e9aliser avec vos \u00e9l\u00e8ves autour de l&#8217;<strong>interculturalit\u00e9<\/strong>.\u00a0<\/p>\n","protected":false},"excerpt":{"rendered":"<p>L\u2019objectif de ce projet est de vous permettre de vous lancer dans une correspondance num\u00e9rique et de faire ainsi d\u00e9couvrir votre culture et votre langue aux \u00e9l\u00e8ves avec qui vous \u00e9changerez, via la production de vid\u00e9os, facilit\u00e9e par l\u2019outil &#8220;Clap!&#8221;, &hellip; <a class=\"kt-excerpt-readmore\" href=\"https:\/\/odimet.eu\/fr\/page-d-exemple\/\" aria-label=\"D\u00e9couvre ma culture\">Lire la suite<\/a><\/p>\n","protected":false},"author":5081,"featured_media":0,"parent":0,"menu_order":0,"comment_status":"closed","ping_status":"open","template":"","meta":{"kt_blocks_editor_width":"","footnotes":""},"class_list":["post-2","page","type-page","status-publish","hentry"],"_links":{"self":[{"href":"https:\/\/odimet.eu\/fr\/wp-json\/wp\/v2\/pages\/2","targetHints":{"allow":["GET"]}}],"collection":[{"href":"https:\/\/odimet.eu\/fr\/wp-json\/wp\/v2\/pages"}],"about":[{"href":"https:\/\/odimet.eu\/fr\/wp-json\/wp\/v2\/types\/page"}],"author":[{"embeddable":true,"href":"https:\/\/odimet.eu\/fr\/wp-json\/wp\/v2\/users\/5081"}],"replies":[{"embeddable":true,"href":"https:\/\/odimet.eu\/fr\/wp-json\/wp\/v2\/comments?post=2"}],"version-history":[{"count":21,"href":"https:\/\/odimet.eu\/fr\/wp-json\/wp\/v2\/pages\/2\/revisions"}],"predecessor-version":[{"id":16331,"href":"https:\/\/odimet.eu\/fr\/wp-json\/wp\/v2\/pages\/2\/revisions\/16331"}],"wp:attachment":[{"href":"https:\/\/odimet.eu\/fr\/wp-json\/wp\/v2\/media?parent=2"}],"curies":[{"name":"wp","href":"https:\/\/api.w.org\/{rel}","templated":true}]}}