{"id":455,"date":"2021-10-14T16:31:58","date_gmt":"2021-10-14T14:31:58","guid":{"rendered":"https:\/\/odimet.eu\/?page_id=455"},"modified":"2022-11-25T11:44:10","modified_gmt":"2022-11-25T10:44:10","slug":"je-fais-decouvrir-ma-citoyennete","status":"publish","type":"page","link":"https:\/\/odimet.eu\/fr\/je-fais-decouvrir-ma-citoyennete\/","title":{"rendered":"D\u00e9couvre ma citoyennet\u00e9 num\u00e9rique"},"content":{"rendered":"\n<p>Pour cette seconde ann\u00e9e du projet, nous allons nous concentrer sur la citoyennet\u00e9 num\u00e9rique dans un contexte plurilingue et interculturel. <\/p>\n\n\n\n<p>Nous vous proposons de r\u00e9aliser 3 activit\u00e9s autour de cette notion de &#8220;citoyennet\u00e9 num\u00e9rique&#8221;. <\/p>\n\n\n\n<p>Ces 3 activit\u00e9s ne sont pas obligatoires mais sont des suggestions d&#8217;ateliers \u00e0 r\u00e9aliser avec votre classe. \u00c0 vous de d\u00e9terminer lesquelles vous pouvez traiter dans le temps qui vous est imparti. <\/p>\n\n\n\n<p>Bonne d\u00e9couverte !<\/p>\n","protected":false},"excerpt":{"rendered":"<p>Pour cette seconde ann\u00e9e du projet, nous allons nous concentrer sur la citoyennet\u00e9 num\u00e9rique dans un contexte plurilingue et interculturel. Nous vous proposons de r\u00e9aliser 3 activit\u00e9s autour de cette notion de &#8220;citoyennet\u00e9 num\u00e9rique&#8221;. Ces 3 activit\u00e9s ne sont pas &hellip; <a class=\"kt-excerpt-readmore\" href=\"https:\/\/odimet.eu\/fr\/je-fais-decouvrir-ma-citoyennete\/\" aria-label=\"D\u00e9couvre ma citoyennet\u00e9 num\u00e9rique\">Lire la suite<\/a><\/p>\n","protected":false},"author":5081,"featured_media":0,"parent":0,"menu_order":0,"comment_status":"closed","ping_status":"closed","template":"","meta":{"kt_blocks_editor_width":"","footnotes":""},"class_list":["post-455","page","type-page","status-publish","hentry"],"_links":{"self":[{"href":"https:\/\/odimet.eu\/fr\/wp-json\/wp\/v2\/pages\/455","targetHints":{"allow":["GET"]}}],"collection":[{"href":"https:\/\/odimet.eu\/fr\/wp-json\/wp\/v2\/pages"}],"about":[{"href":"https:\/\/odimet.eu\/fr\/wp-json\/wp\/v2\/types\/page"}],"author":[{"embeddable":true,"href":"https:\/\/odimet.eu\/fr\/wp-json\/wp\/v2\/users\/5081"}],"replies":[{"embeddable":true,"href":"https:\/\/odimet.eu\/fr\/wp-json\/wp\/v2\/comments?post=455"}],"version-history":[{"count":4,"href":"https:\/\/odimet.eu\/fr\/wp-json\/wp\/v2\/pages\/455\/revisions"}],"predecessor-version":[{"id":16869,"href":"https:\/\/odimet.eu\/fr\/wp-json\/wp\/v2\/pages\/455\/revisions\/16869"}],"wp:attachment":[{"href":"https:\/\/odimet.eu\/fr\/wp-json\/wp\/v2\/media?parent=455"}],"curies":[{"name":"wp","href":"https:\/\/api.w.org\/{rel}","templated":true}]}}