{"id":458,"date":"2021-10-14T16:32:12","date_gmt":"2021-10-14T14:32:12","guid":{"rendered":"https:\/\/odimet.eu\/?page_id=458"},"modified":"2022-11-09T11:04:48","modified_gmt":"2022-11-09T10:04:48","slug":"je-fais-decouvrir-ma-langue","status":"publish","type":"page","link":"https:\/\/odimet.eu\/fr\/je-fais-decouvrir-ma-langue\/","title":{"rendered":"D\u00e9couvre ma langue"},"content":{"rendered":"\n<p>Dans cet onglet, nous allons vous proposer plusieurs activit\u00e9s \u00e0 mettre en place au sein de votre classe autour de la compr\u00e9hension de la langue \u00e0 travers l&#8217;analyse des mots, des jeux d&#8217;associations et d&#8217;inter-compr\u00e9hension. <\/p>\n\n\n\n<p>Nous esp\u00e9rons que ces activit\u00e9s vous plairont et qu&#8217;elles vous ouvrirons \u00e0 de nouvelles langues ! <\/p>\n\n\n\n<p>Pour en savoir plus sur le multilinguisme, d\u00e9couvrez l&#8217;article de Claudia Mewald \u00e9crit dans le cadre de ce projet ODIMET : <\/p>\n\n\n<div class=\"row\"><\/div> <div class=\"col-md-6  \">\n<h3> Multiligualism &amp; Intercomprehension  <\/h3>\n<aside\n\tclass=\"download-box\">\n\n\t<img loading=\"lazy\" decoding=\"async\" width=\"2560\" height=\"1707\" src=\"https:\/\/odimet.eu\/wp-content\/uploads\/2022\/10\/jeremy-bezanger-CEFVJ7zqoLs-unsplash-scaled.jpg\" class=\"attachment-full size-full wp-post-image\" alt=\"\">\n\t<div\n\t\tclass=\"download-count\">1365 t\u00e9l\u00e9chargements<\/div>\n\n\t<div\n\t\tclass=\"download-box-content\">\n\n\t\t<h1>Article. AT<\/h1>\n\n\t\t\t\t\t\t<a  data-e-Disable-Page-Transition=\"true\" class=\"download-link download-button\" title=\"\" href=\"https:\/\/odimet.eu\/fr\/download\/16599\/?tmstv=1777214613\" rel=\"nofollow\" id=\"download-link-16599\" data-redirect=\"false\" >\n\t\t\tT\u00e9l\u00e9charger le fichier\t\t\t<small>Article-_-Multilingual-people-are-competent-in-intercomprehension-.docx.pdf\t\t\t\t&ndash; 158,48 Ko<\/small>\n\t\t<\/a>\n\t\t\t<\/div>\n<\/aside>\n\n\n<\/div><div class=\"col-md-6  \">\n\n\n<div class=\"row\"><\/div> <div class=\"col-md-6  \"><\/div>\n<h3> Multilinguisme &amp; Intercompr\u00e9hension  <\/h3>\n<aside\n\tclass=\"download-box\">\n\n\t<img loading=\"lazy\" decoding=\"async\" width=\"2560\" height=\"1707\" src=\"https:\/\/odimet.eu\/wp-content\/uploads\/2022\/10\/jeremy-bezanger-CEFVJ7zqoLs-unsplash-scaled.jpg\" class=\"attachment-full size-full wp-post-image\" alt=\"\">\n\t<div\n\t\tclass=\"download-count\">1096 t\u00e9l\u00e9chargements<\/div>\n\n\t<div\n\t\tclass=\"download-box-content\">\n\n\t\t<h1>Article. FR<\/h1>\n\n\t\t\t\t\t\t<a  data-e-Disable-Page-Transition=\"true\" class=\"download-link download-button\" title=\"\" href=\"https:\/\/odimet.eu\/fr\/download\/16740\/?tmstv=1777214613\" rel=\"nofollow\" id=\"download-link-16740\" data-redirect=\"false\" >\n\t\t\tT\u00e9l\u00e9charger le fichier\t\t\t<small>Article-_-Les-personnes-multilingues-sont-competentes-en-matiere-dintercomprehension.FR_.docx.pdf\t\t\t\t&ndash; 176,96 Ko<\/small>\n\t\t<\/a>\n\t\t\t<\/div>\n<\/aside>\n\n\n<\/div><div class=\"col-md-6  \"><\/div>\n\n\n\n<p>\u00a9Mewald<\/p>\n","protected":false},"excerpt":{"rendered":"<p>Dans cet onglet, nous allons vous proposer plusieurs activit\u00e9s \u00e0 mettre en place au sein de votre classe autour de la compr\u00e9hension de la langue \u00e0 travers l&#8217;analyse des mots, des jeux d&#8217;associations et d&#8217;inter-compr\u00e9hension. Nous esp\u00e9rons que ces activit\u00e9s &hellip; <a class=\"kt-excerpt-readmore\" href=\"https:\/\/odimet.eu\/fr\/je-fais-decouvrir-ma-langue\/\" aria-label=\"D\u00e9couvre ma langue\">Lire la suite<\/a><\/p>\n","protected":false},"author":5081,"featured_media":0,"parent":0,"menu_order":0,"comment_status":"closed","ping_status":"closed","template":"","meta":{"kt_blocks_editor_width":"","footnotes":""},"class_list":["post-458","page","type-page","status-publish","hentry"],"_links":{"self":[{"href":"https:\/\/odimet.eu\/fr\/wp-json\/wp\/v2\/pages\/458","targetHints":{"allow":["GET"]}}],"collection":[{"href":"https:\/\/odimet.eu\/fr\/wp-json\/wp\/v2\/pages"}],"about":[{"href":"https:\/\/odimet.eu\/fr\/wp-json\/wp\/v2\/types\/page"}],"author":[{"embeddable":true,"href":"https:\/\/odimet.eu\/fr\/wp-json\/wp\/v2\/users\/5081"}],"replies":[{"embeddable":true,"href":"https:\/\/odimet.eu\/fr\/wp-json\/wp\/v2\/comments?post=458"}],"version-history":[{"count":10,"href":"https:\/\/odimet.eu\/fr\/wp-json\/wp\/v2\/pages\/458\/revisions"}],"predecessor-version":[{"id":16750,"href":"https:\/\/odimet.eu\/fr\/wp-json\/wp\/v2\/pages\/458\/revisions\/16750"}],"wp:attachment":[{"href":"https:\/\/odimet.eu\/fr\/wp-json\/wp\/v2\/media?parent=458"}],"curies":[{"name":"wp","href":"https:\/\/api.w.org\/{rel}","templated":true}]}}